{"id":4538,"date":"2020-07-28T15:56:38","date_gmt":"2020-07-28T15:56:38","guid":{"rendered":"https:\/\/www.ppeng.ch\/referenzen-wasserbau\/"},"modified":"2020-11-14T10:15:26","modified_gmt":"2020-11-14T10:15:26","slug":"referenzen-wasserbau","status":"publish","type":"page","link":"https:\/\/www.ppeng.ch\/de\/referenzen-wasserbau\/","title":{"rendered":"Referenzen-Wasserbau"},"content":{"rendered":"\t\t<div data-elementor-type=\"wp-page\" data-elementor-id=\"4538\" class=\"elementor elementor-4538 elementor-3357\" data-elementor-post-type=\"page\">\n\t\t\t\t\t\t\t\t\t<section class=\"elementor-section elementor-top-section elementor-element elementor-element-4c082ca4 elementor-section-boxed elementor-section-height-default elementor-section-height-default\" data-id=\"4c082ca4\" data-element_type=\"section\">\n\t\t\t\t\t\t<div class=\"elementor-container elementor-column-gap-default\">\n\t\t\t\t\t<div class=\"elementor-column elementor-col-50 elementor-top-column elementor-element elementor-element-66dae26d elementor-invisible\" data-id=\"66dae26d\" data-element_type=\"column\" data-settings=\"{&quot;animation&quot;:&quot;fadeIn&quot;}\">\n\t\t\t<div class=\"elementor-widget-wrap elementor-element-populated\">\n\t\t\t\t\t\t\t\t<div class=\"elementor-element elementor-element-77af30ff elementor-widget elementor-widget-heading\" data-id=\"77af30ff\" data-element_type=\"widget\" data-widget_type=\"heading.default\">\n\t\t\t\t<div class=\"elementor-widget-container\">\n\t\t\t<h1 class=\"elementor-heading-title elementor-size-default\">Wasserbau<\/h1>\t\t<\/div>\n\t\t\t\t<\/div>\n\t\t\t\t\t<\/div>\n\t\t<\/div>\n\t\t\t\t<div class=\"elementor-column elementor-col-50 elementor-top-column elementor-element elementor-element-3c20575f elementor-invisible\" data-id=\"3c20575f\" data-element_type=\"column\" data-settings=\"{&quot;animation&quot;:&quot;fadeIn&quot;}\">\n\t\t\t<div class=\"elementor-widget-wrap elementor-element-populated\">\n\t\t\t\t\t\t\t\t<div class=\"elementor-element elementor-element-565f1e00 elementor-widget elementor-widget-text-editor\" data-id=\"565f1e00\" data-element_type=\"widget\" data-widget_type=\"text-editor.default\">\n\t\t\t\t<div class=\"elementor-widget-container\">\n\t\t\t\t\t\t\t<p>Als Partner verf\u00fcgen wir \u00fcber ausgewiesene Erfahrung in der Planung von Wasserversorgungsnetzen mit zugeh\u00f6rigen hydraulischen Anlagen, von Abwasser- und Regenwasser-Entw\u00e4sserungsnetzen mit zugeh\u00f6rigen hydraulischen Anlagen, von Netzen und hydraulischen Systemen f\u00fcr den Bau grosser Infrastrukturen, generellen Entw\u00e4sserungsplanen kantonalen Wasserversorgungspl\u00e4nen, Behandlungsanlagen, Kl\u00e4ranlagen, gemeinschaftlichen Sammelanlagen, Geographischeninformationssystemen, hydrologischen und hydraulischen Modellierungen. Die verf\u00fcgbaren Spezialisten verf\u00fcgen auch \u00fcber umfassende Fachkenntnisse in den Bereichen Flussrevitalisierung und -Systeme.<\/p>\n\t\t\t\t\t\t<\/div>\n\t\t\t\t<\/div>\n\t\t\t\t\t<\/div>\n\t\t<\/div>\n\t\t\t\t\t\t\t<\/div>\n\t\t<\/section>\n\t\t\t\t<section class=\"elementor-section elementor-top-section elementor-element elementor-element-a86e8e7 elementor-section-boxed elementor-section-height-default elementor-section-height-default\" data-id=\"a86e8e7\" data-element_type=\"section\">\n\t\t\t\t\t\t<div class=\"elementor-container elementor-column-gap-default\">\n\t\t\t\t\t<div class=\"elementor-column elementor-col-100 elementor-top-column elementor-element elementor-element-8d3ab25\" data-id=\"8d3ab25\" data-element_type=\"column\">\n\t\t\t<div class=\"elementor-widget-wrap elementor-element-populated\">\n\t\t\t\t\t\t\t\t<div class=\"elementor-element elementor-element-c744116 elementor-icon-list--layout-inline elementor-align-center elementor-mobile-align-center elementor-list-item-link-full_width elementor-widget elementor-widget-global elementor-global-6058 elementor-widget-icon-list\" data-id=\"c744116\" data-element_type=\"widget\" data-widget_type=\"icon-list.default\">\n\t\t\t\t<div class=\"elementor-widget-container\">\n\t\t\t\t\t<ul class=\"elementor-icon-list-items elementor-inline-items\">\n\t\t\t\t\t\t\t<li class=\"elementor-icon-list-item elementor-inline-item\">\n\t\t\t\t\t\t\t\t\t\t\t<a href=\"https:\/\/www.ppeng.ch\/de\/referenzen\/\">\n\n\t\t\t\t\t\t\t\t\t\t\t\t<span class=\"elementor-icon-list-icon\">\n\t\t\t\t\t\t\t<i aria-hidden=\"true\" class=\"fas fa-home\"><\/i>\t\t\t\t\t\t<\/span>\n\t\t\t\t\t\t\t\t\t\t<span class=\"elementor-icon-list-text\"><\/span>\n\t\t\t\t\t\t\t\t\t\t\t<\/a>\n\t\t\t\t\t\t\t\t\t<\/li>\n\t\t\t\t\t\t\t\t<li class=\"elementor-icon-list-item elementor-inline-item\">\n\t\t\t\t\t\t\t\t\t\t\t<a href=\"https:\/\/www.ppeng.ch\/de\/referenzen-strassen\/\">\n\n\t\t\t\t\t\t\t\t\t\t\t<span class=\"elementor-icon-list-text\">Strassen<\/span>\n\t\t\t\t\t\t\t\t\t\t\t<\/a>\n\t\t\t\t\t\t\t\t\t<\/li>\n\t\t\t\t\t\t\t\t<li class=\"elementor-icon-list-item elementor-inline-item\">\n\t\t\t\t\t\t\t\t\t\t\t<a href=\"https:\/\/www.ppeng.ch\/de\/referenzen-eisenbahnen\/\">\n\n\t\t\t\t\t\t\t\t\t\t\t<span class=\"elementor-icon-list-text\">Eisenbahnen<\/span>\n\t\t\t\t\t\t\t\t\t\t\t<\/a>\n\t\t\t\t\t\t\t\t\t<\/li>\n\t\t\t\t\t\t\t\t<li class=\"elementor-icon-list-item elementor-inline-item\">\n\t\t\t\t\t\t\t\t\t\t\t<a href=\"https:\/\/www.ppeng.ch\/de\/referenzen-bruecken\/\">\n\n\t\t\t\t\t\t\t\t\t\t\t<span class=\"elementor-icon-list-text\">Br\u00fccken<\/span>\n\t\t\t\t\t\t\t\t\t\t\t<\/a>\n\t\t\t\t\t\t\t\t\t<\/li>\n\t\t\t\t\t\t\t\t<li class=\"elementor-icon-list-item elementor-inline-item\">\n\t\t\t\t\t\t\t\t\t\t\t<a href=\"https:\/\/www.ppeng.ch\/de\/referenzen-tunnels\/\">\n\n\t\t\t\t\t\t\t\t\t\t\t<span class=\"elementor-icon-list-text\">Tunnels<\/span>\n\t\t\t\t\t\t\t\t\t\t\t<\/a>\n\t\t\t\t\t\t\t\t\t<\/li>\n\t\t\t\t\t\t\t\t<li class=\"elementor-icon-list-item elementor-inline-item\">\n\t\t\t\t\t\t\t\t\t\t\t<a href=\"https:\/\/www.ppeng.ch\/de\/referenzen-hochbau\/\">\n\n\t\t\t\t\t\t\t\t\t\t\t<span class=\"elementor-icon-list-text\">Hochbau<\/span>\n\t\t\t\t\t\t\t\t\t\t\t<\/a>\n\t\t\t\t\t\t\t\t\t<\/li>\n\t\t\t\t\t\t\t\t<li class=\"elementor-icon-list-item elementor-inline-item\">\n\t\t\t\t\t\t\t\t\t\t\t<a href=\"https:\/\/www.ppeng.ch\/de\/referenzen-wasserbau\/\">\n\n\t\t\t\t\t\t\t\t\t\t\t<span class=\"elementor-icon-list-text\">Wasserbau<\/span>\n\t\t\t\t\t\t\t\t\t\t\t<\/a>\n\t\t\t\t\t\t\t\t\t<\/li>\n\t\t\t\t\t\t\t\t<li class=\"elementor-icon-list-item elementor-inline-item\">\n\t\t\t\t\t\t\t\t\t\t\t<a href=\"https:\/\/www.ppeng.ch\/de\/referenzen-geotechnik\/\">\n\n\t\t\t\t\t\t\t\t\t\t\t<span class=\"elementor-icon-list-text\">Geotechnik<\/span>\n\t\t\t\t\t\t\t\t\t\t\t<\/a>\n\t\t\t\t\t\t\t\t\t<\/li>\n\t\t\t\t\t\t\t\t<li class=\"elementor-icon-list-item elementor-inline-item\">\n\t\t\t\t\t\t\t\t\t\t\t<a href=\"https:\/\/www.ppeng.ch\/de\/referenzen-building-information-modelling\/\">\n\n\t\t\t\t\t\t\t\t\t\t\t<span class=\"elementor-icon-list-text\">BIM<\/span>\n\t\t\t\t\t\t\t\t\t\t\t<\/a>\n\t\t\t\t\t\t\t\t\t<\/li>\n\t\t\t\t\t\t<\/ul>\n\t\t\t\t<\/div>\n\t\t\t\t<\/div>\n\t\t\t\t\t<\/div>\n\t\t<\/div>\n\t\t\t\t\t\t\t<\/div>\n\t\t<\/section>\n\t\t\t\t<section class=\"elementor-section elementor-top-section elementor-element elementor-element-4cb08a1e elementor-section-boxed elementor-section-height-default elementor-section-height-default\" data-id=\"4cb08a1e\" data-element_type=\"section\">\n\t\t\t\t\t\t<div class=\"elementor-container elementor-column-gap-default\">\n\t\t\t\t\t<div class=\"elementor-column elementor-col-100 elementor-top-column elementor-element elementor-element-3fe87825\" data-id=\"3fe87825\" data-element_type=\"column\">\n\t\t\t<div class=\"elementor-widget-wrap elementor-element-populated\">\n\t\t\t\t\t\t\t\t<div class=\"elementor-element elementor-element-73c1bf4e elementor-widget elementor-widget-jet-blog-smart-listing\" data-id=\"73c1bf4e\" data-element_type=\"widget\" data-widget_type=\"jet-blog-smart-listing.default\">\n\t\t\t\t<div class=\"elementor-widget-container\">\n\t\t\t<div class=\"elementor-jet-blog-smart-listing jet-blog\"><div class=\"jet-smart-listing-wrap\" data-settings='{&quot;block_title&quot;:&quot;&quot;,&quot;title_tag&quot;:&quot;h2&quot;,&quot;featured_post&quot;:&quot;&quot;,&quot;featured_position&quot;:null,&quot;featured_width&quot;:null,&quot;featured_layout&quot;:null,&quot;featured_image_size&quot;:null,&quot;featured_image_position&quot;:null,&quot;featured_image_width&quot;:null,&quot;featured_excerpt_length&quot;:null,&quot;featured_excerpt_trimmed_ending&quot;:null,&quot;featured_read_more&quot;:null,&quot;featured_read_more_text&quot;:null,&quot;featured_show_meta&quot;:null,&quot;featured_show_author&quot;:null,&quot;featured_show_author_icon&quot;:null,&quot;selected_featured_show_author_icon&quot;:null,&quot;featured_show_date&quot;:null,&quot;featured_show_date_icon&quot;:null,&quot;selected_featured_show_date_icon&quot;:null,&quot;featured_show_comments&quot;:null,&quot;featured_show_comments_icon&quot;:null,&quot;selected_featured_show_comments_icon&quot;:null,&quot;posts_columns_widescreen&quot;:null,&quot;posts_columns&quot;:&quot;1&quot;,&quot;posts_columns_laptop&quot;:null,&quot;posts_columns_tablet_extra&quot;:null,&quot;posts_columns_tablet&quot;:null,&quot;posts_columns_mobile_extra&quot;:null,&quot;posts_columns_mobile&quot;:&quot;1&quot;,&quot;posts_rows_widescreen&quot;:null,&quot;posts_rows&quot;:&quot;6&quot;,&quot;posts_rows_laptop&quot;:null,&quot;posts_rows_tablet_extra&quot;:null,&quot;posts_rows_tablet&quot;:null,&quot;posts_rows_mobile_extra&quot;:null,&quot;posts_rows_mobile&quot;:null,&quot;image_size&quot;:&quot;full&quot;,&quot;image_position&quot;:&quot;left&quot;,&quot;image_width&quot;:{&quot;unit&quot;:&quot;%&quot;,&quot;size&quot;:26,&quot;sizes&quot;:[]},&quot;excerpt_length&quot;:15,&quot;excerpt_trimmed_ending&quot;:&quot;...&quot;,&quot;read_more&quot;:&quot;yes&quot;,&quot;read_more_text&quot;:&quot;Entdecken&quot;,&quot;show_meta&quot;:&quot;yes&quot;,&quot;show_author&quot;:&quot;&quot;,&quot;show_author_icon&quot;:null,&quot;selected_show_author_icon&quot;:null,&quot;show_date&quot;:&quot;&quot;,&quot;show_date_icon&quot;:&quot;&quot;,&quot;selected_show_date_icon&quot;:null,&quot;show_comments&quot;:&quot;&quot;,&quot;show_comments_icon&quot;:null,&quot;selected_show_comments_icon&quot;:null,&quot;query_by&quot;:&quot;category&quot;,&quot;category_ids&quot;:[&quot;15&quot;],&quot;post_tag_ids&quot;:null,&quot;include_ids&quot;:null,&quot;exclude_ids&quot;:&quot;&quot;,&quot;custom_query_by&quot;:null,&quot;custom_terms_ids&quot;:null,&quot;meta_query&quot;:&quot;&quot;,&quot;meta_key&quot;:null,&quot;meta_value&quot;:null,&quot;show_filter&quot;:&quot;&quot;,&quot;filter_by&quot;:null,&quot;show_all_btn&quot;:null,&quot;all_btn_label&quot;:null,&quot;more_terms_icon&quot;:null,&quot;selected_more_terms_icon&quot;:null,&quot;show_arrows&quot;:&quot;yes&quot;,&quot;arrow_type&quot;:&quot;fa fa-chevron-left&quot;,&quot;show_featured_terms&quot;:null,&quot;show_featured_terms_tax&quot;:null,&quot;show_terms&quot;:&quot;&quot;,&quot;show_terms_tax&quot;:null,&quot;featured_meta_position&quot;:null,&quot;meta_position&quot;:&quot;before&quot;,&quot;show_image&quot;:&quot;yes&quot;,&quot;post_type&quot;:&quot;post&quot;,&quot;post_ids&quot;:null,&quot;content_related_meta&quot;:null,&quot;show_content_related_meta&quot;:&quot;&quot;,&quot;meta_content_related_position&quot;:null,&quot;title_related_meta&quot;:null,&quot;show_title_related_meta&quot;:&quot;&quot;,&quot;meta_title_related_position&quot;:null,&quot;featured_title_length&quot;:null,&quot;title_length&quot;:0,&quot;add_button_icon&quot;:&quot;&quot;,&quot;button_icon&quot;:null,&quot;selected_button_icon&quot;:null,&quot;post_add_button_icon&quot;:&quot;&quot;,&quot;post_button_icon&quot;:null,&quot;selected_post_button_icon&quot;:null,&quot;use_custom_query&quot;:&quot;&quot;,&quot;custom_query&quot;:null,&quot;posts_offset&quot;:0,&quot;order&quot;:&quot;DESC&quot;,&quot;order_by&quot;:&quot;date&quot;,&quot;is_archive_template&quot;:&quot;&quot;}' data-page=\"1\" data-term=\"0\" data-scroll-top=1>\n\t<div class=\"jet-smart-listing__heading\"><span class=\"jet-smart-listing__title-placeholder\"><\/span><\/div>\n\t<div class=\"jet-smart-listing rows-6 no-featured\"><div class=\"jet-smart-listing__posts\">\n\t\t\t\t<div class=\"jet-smart-listing__post-wrapper\">\n\t\t\t\t<div class=\"jet-smart-listing__post has-post-thumb has-thumb-postion-left\">\n\t\t\t\t\t\t\t\t\t\t<div class=\"jet-smart-listing__post-thumbnail post-thumbnail-simple\"><a href=\"https:\/\/www.ppeng.ch\/de\/inspektion-und-begutachtung-des-gewaessern-lugano-schweiz\/\"><img loading=\"lazy\" width=\"1328\" height=\"806\" src=\"https:\/\/www.ppeng.ch\/wp-content\/uploads\/2020\/10\/Rilievo-riali-Lugano.jpg\" class=\"jet-smart-listing__post-thumbnail-img post-thumbnail-img-simple wp-post-image\" alt=\"Inspektion und begutachtung des gew\u00e4ssern, LUGANO &#8211; SCHWEIZ\" decoding=\"async\" srcset=\"https:\/\/www.ppeng.ch\/wp-content\/uploads\/2020\/10\/Rilievo-riali-Lugano.jpg 1328w, https:\/\/www.ppeng.ch\/wp-content\/uploads\/2020\/10\/Rilievo-riali-Lugano-300x182.jpg 300w, https:\/\/www.ppeng.ch\/wp-content\/uploads\/2020\/10\/Rilievo-riali-Lugano-1024x621.jpg 1024w, https:\/\/www.ppeng.ch\/wp-content\/uploads\/2020\/10\/Rilievo-riali-Lugano-768x466.jpg 768w\" sizes=\"(max-width: 1328px) 100vw, 1328px\" \/><\/a><\/div>\t\t\t\t\t<div class=\"jet-smart-listing__post-content\"><div class=\"jet-smart-listing__meta\"><\/div><div class=\"jet-smart-listing__post-title post-title-simple\"><a href=\"https:\/\/www.ppeng.ch\/de\/inspektion-und-begutachtung-des-gewaessern-lugano-schweiz\/\">Inspektion und begutachtung des gew\u00e4ssern, LUGANO &#8211; SCHWEIZ<\/a><\/div><div class=\"jet-smart-listing__post-excerpt post-excerpt-simple\">Der Auftrag betrifft die Inspektion und die Aufnahme von Kan\u00e4len und unterirdischen Wasserl\u00e4ufen auf dem...<\/div><div class=\"jet-smart-listing__more-wrap\"><a href=\"https:\/\/www.ppeng.ch\/de\/inspektion-und-begutachtung-des-gewaessern-lugano-schweiz\/\" class=\"jet-smart-listing__more simple-more elementor-button elementor-size-md\"><span class=\"jet-smart-listing__more-text\">Entdecken<\/span><\/a><\/div><\/div>\n\t\t\t\t<\/div>\n\t\t\t<\/div>\n\t\t\t\t\t\t<div class=\"jet-smart-listing__post-wrapper\">\n\t\t\t\t<div class=\"jet-smart-listing__post has-post-thumb has-thumb-postion-left\">\n\t\t\t\t\t\t\t\t\t\t<div class=\"jet-smart-listing__post-thumbnail post-thumbnail-simple\"><a href=\"https:\/\/www.ppeng.ch\/de\/gep-curio-schweiz\/\"><img loading=\"lazy\" width=\"1328\" height=\"806\" src=\"https:\/\/www.ppeng.ch\/wp-content\/uploads\/2020\/10\/PGS-Curio.jpg\" class=\"jet-smart-listing__post-thumbnail-img post-thumbnail-img-simple wp-post-image\" alt=\"GEP CURIO &#8211; SCHWEIZ\" decoding=\"async\" srcset=\"https:\/\/www.ppeng.ch\/wp-content\/uploads\/2020\/10\/PGS-Curio.jpg 1328w, https:\/\/www.ppeng.ch\/wp-content\/uploads\/2020\/10\/PGS-Curio-300x182.jpg 300w, https:\/\/www.ppeng.ch\/wp-content\/uploads\/2020\/10\/PGS-Curio-1024x621.jpg 1024w, https:\/\/www.ppeng.ch\/wp-content\/uploads\/2020\/10\/PGS-Curio-768x466.jpg 768w\" sizes=\"(max-width: 1328px) 100vw, 1328px\" \/><\/a><\/div>\t\t\t\t\t<div class=\"jet-smart-listing__post-content\"><div class=\"jet-smart-listing__meta\"><\/div><div class=\"jet-smart-listing__post-title post-title-simple\"><a href=\"https:\/\/www.ppeng.ch\/de\/gep-curio-schweiz\/\">GEP CURIO &#8211; SCHWEIZ<\/a><\/div><div class=\"jet-smart-listing__post-excerpt post-excerpt-simple\">Das Projekt betrifft die Realisierung des neuen Genereller Entw\u00e4sserungsplan (GEP) in \u00dcbereinstimmung mit den Richtlinien...<\/div><div class=\"jet-smart-listing__more-wrap\"><a href=\"https:\/\/www.ppeng.ch\/de\/gep-curio-schweiz\/\" class=\"jet-smart-listing__more simple-more elementor-button elementor-size-md\"><span class=\"jet-smart-listing__more-text\">Entdecken<\/span><\/a><\/div><\/div>\n\t\t\t\t<\/div>\n\t\t\t<\/div>\n\t\t\t\t\t\t<div class=\"jet-smart-listing__post-wrapper\">\n\t\t\t\t<div class=\"jet-smart-listing__post has-post-thumb has-thumb-postion-left\">\n\t\t\t\t\t\t\t\t\t\t<div class=\"jet-smart-listing__post-thumbnail post-thumbnail-simple\"><a href=\"https:\/\/www.ppeng.ch\/de\/konsortiumabwasserkanal-media-bassa-blenio-schweiz\/\"><img loading=\"lazy\" width=\"1328\" height=\"806\" src=\"https:\/\/www.ppeng.ch\/wp-content\/uploads\/2020\/10\/Nuovo-collettore-consortile-.jpg\" class=\"jet-smart-listing__post-thumbnail-img post-thumbnail-img-simple wp-post-image\" alt=\"Konsortiumabwasserkanal media-bassa BLENIO &#8211; SCHWEIZ\" decoding=\"async\" srcset=\"https:\/\/www.ppeng.ch\/wp-content\/uploads\/2020\/10\/Nuovo-collettore-consortile-.jpg 1328w, https:\/\/www.ppeng.ch\/wp-content\/uploads\/2020\/10\/Nuovo-collettore-consortile--300x182.jpg 300w, https:\/\/www.ppeng.ch\/wp-content\/uploads\/2020\/10\/Nuovo-collettore-consortile--1024x621.jpg 1024w, https:\/\/www.ppeng.ch\/wp-content\/uploads\/2020\/10\/Nuovo-collettore-consortile--768x466.jpg 768w\" sizes=\"(max-width: 1328px) 100vw, 1328px\" \/><\/a><\/div>\t\t\t\t\t<div class=\"jet-smart-listing__post-content\"><div class=\"jet-smart-listing__meta\"><\/div><div class=\"jet-smart-listing__post-title post-title-simple\"><a href=\"https:\/\/www.ppeng.ch\/de\/konsortiumabwasserkanal-media-bassa-blenio-schweiz\/\">Konsortiumabwasserkanal media-bassa BLENIO &#8211; SCHWEIZ<\/a><\/div><div class=\"jet-smart-listing__post-excerpt post-excerpt-simple\">Der Bau des Sammlerkanals von Abwasserkonsortium Media und Bassa Blenio (CDAMBB) interessiert den Viertel Malvaglia,...<\/div><div class=\"jet-smart-listing__more-wrap\"><a href=\"https:\/\/www.ppeng.ch\/de\/konsortiumabwasserkanal-media-bassa-blenio-schweiz\/\" class=\"jet-smart-listing__more simple-more elementor-button elementor-size-md\"><span class=\"jet-smart-listing__more-text\">Entdecken<\/span><\/a><\/div><\/div>\n\t\t\t\t<\/div>\n\t\t\t<\/div>\n\t\t\t\t\t\t<div class=\"jet-smart-listing__post-wrapper\">\n\t\t\t\t<div class=\"jet-smart-listing__post has-post-thumb has-thumb-postion-left\">\n\t\t\t\t\t\t\t\t\t\t<div class=\"jet-smart-listing__post-thumbnail post-thumbnail-simple\"><a href=\"https:\/\/www.ppeng.ch\/de\/atg-l626-umleitung-und-regelung-des-flusses-froda-biasca-schweiz\/\"><img loading=\"lazy\" width=\"1328\" height=\"806\" src=\"https:\/\/www.ppeng.ch\/wp-content\/uploads\/2020\/10\/deviazione-Froda.jpg\" class=\"jet-smart-listing__post-thumbnail-img post-thumbnail-img-simple wp-post-image\" alt=\"ATG &#8211; L626 Umleitung und regelung des Flusses Froda, BIASCA &#8211; SCHWEIZ\" decoding=\"async\" srcset=\"https:\/\/www.ppeng.ch\/wp-content\/uploads\/2020\/10\/deviazione-Froda.jpg 1328w, https:\/\/www.ppeng.ch\/wp-content\/uploads\/2020\/10\/deviazione-Froda-300x182.jpg 300w, https:\/\/www.ppeng.ch\/wp-content\/uploads\/2020\/10\/deviazione-Froda-1024x621.jpg 1024w, https:\/\/www.ppeng.ch\/wp-content\/uploads\/2020\/10\/deviazione-Froda-768x466.jpg 768w\" sizes=\"(max-width: 1328px) 100vw, 1328px\" \/><\/a><\/div>\t\t\t\t\t<div class=\"jet-smart-listing__post-content\"><div class=\"jet-smart-listing__meta\"><\/div><div class=\"jet-smart-listing__post-title post-title-simple\"><a href=\"https:\/\/www.ppeng.ch\/de\/atg-l626-umleitung-und-regelung-des-flusses-froda-biasca-schweiz\/\">ATG &#8211; L626 Umleitung und regelung des Flusses Froda, BIASCA &#8211; SCHWEIZ<\/a><\/div><div class=\"jet-smart-listing__post-excerpt post-excerpt-simple\">Das Projekt betrifft eines der Lose der neuen ATG-Eisenbahnlinie im Abschnitt Biasca. F\u00fcr den Knotenanschluss...<\/div><div class=\"jet-smart-listing__more-wrap\"><a href=\"https:\/\/www.ppeng.ch\/de\/atg-l626-umleitung-und-regelung-des-flusses-froda-biasca-schweiz\/\" class=\"jet-smart-listing__more simple-more elementor-button elementor-size-md\"><span class=\"jet-smart-listing__more-text\">Entdecken<\/span><\/a><\/div><\/div>\n\t\t\t\t<\/div>\n\t\t\t<\/div>\n\t\t\t\t\t\t<div class=\"jet-smart-listing__post-wrapper\">\n\t\t\t\t<div class=\"jet-smart-listing__post has-post-thumb has-thumb-postion-left\">\n\t\t\t\t\t\t\t\t\t\t<div class=\"jet-smart-listing__post-thumbnail post-thumbnail-simple\"><a href=\"https:\/\/www.ppeng.ch\/de\/atg-l626-kamera-und-kanal-stabiello-biasca-schweiz\/\"><img loading=\"lazy\" width=\"1328\" height=\"806\" src=\"https:\/\/www.ppeng.ch\/wp-content\/uploads\/2020\/10\/stabiello.jpg\" class=\"jet-smart-listing__post-thumbnail-img post-thumbnail-img-simple wp-post-image\" alt=\"ATG &#8211; L626 Kamera und kanal stabiello, BIASCA &#8211; SCHWEIZ\" decoding=\"async\" srcset=\"https:\/\/www.ppeng.ch\/wp-content\/uploads\/2020\/10\/stabiello.jpg 1328w, https:\/\/www.ppeng.ch\/wp-content\/uploads\/2020\/10\/stabiello-300x182.jpg 300w, https:\/\/www.ppeng.ch\/wp-content\/uploads\/2020\/10\/stabiello-1024x621.jpg 1024w, https:\/\/www.ppeng.ch\/wp-content\/uploads\/2020\/10\/stabiello-768x466.jpg 768w\" sizes=\"(max-width: 1328px) 100vw, 1328px\" \/><\/a><\/div>\t\t\t\t\t<div class=\"jet-smart-listing__post-content\"><div class=\"jet-smart-listing__meta\"><\/div><div class=\"jet-smart-listing__post-title post-title-simple\"><a href=\"https:\/\/www.ppeng.ch\/de\/atg-l626-kamera-und-kanal-stabiello-biasca-schweiz\/\">ATG &#8211; L626 Kamera und kanal stabiello, BIASCA &#8211; SCHWEIZ<\/a><\/div><div class=\"jet-smart-listing__post-excerpt post-excerpt-simple\">Im Rahmen des Projekts in Bezug auf den Knotenpunktanschluss (Los 626) der neuen ATG-Stammbahnlinie im...<\/div><div class=\"jet-smart-listing__more-wrap\"><a href=\"https:\/\/www.ppeng.ch\/de\/atg-l626-kamera-und-kanal-stabiello-biasca-schweiz\/\" class=\"jet-smart-listing__more simple-more elementor-button elementor-size-md\"><span class=\"jet-smart-listing__more-text\">Entdecken<\/span><\/a><\/div><\/div>\n\t\t\t\t<\/div>\n\t\t\t<\/div>\n\t\t\t<\/div>\n<\/div>\n\t<div class=\"jet-smart-listing__arrows\"><div class=\"jet-smart-listing__arrow jet-arrow-prev jet-arrow-disabled\" data-dir=\"prev\"><svg width=\"24\" height=\"24\" viewBox=\"0 0 24 24\" fill=\"none\" xmlns=\"http:\/\/www.w3.org\/2000\/svg\"><path d=\"M16.4 1.4499L18.4 3.4749L9.82502 12.0499L18.4 20.6249L16.4 22.6499L5.80002 12.0499L16.4 1.4499Z\" fill=\"#0F172A\"\/><\/svg><\/div><div class=\"jet-smart-listing__arrow jet-arrow-next jet-arrow-disabled\" data-dir=\"next\"><svg width=\"24\" height=\"24\" viewBox=\"0 0 24 24\" fill=\"none\" xmlns=\"http:\/\/www.w3.org\/2000\/svg\"><path d=\"M7.59998 22.5501L5.59998 20.5251L14.175 11.9501L5.59998 3.3751L7.59998 1.3501L18.2 11.9501L7.59998 22.5501Z\" fill=\"#0F172A\"\/><\/svg><\/div><\/div><\/div>\n<div class=\"jet-smart-listing-loading\"><\/div><\/div>\t\t<\/div>\n\t\t\t\t<\/div>\n\t\t\t\t\t<\/div>\n\t\t<\/div>\n\t\t\t\t\t\t\t<\/div>\n\t\t<\/section>\n\t\t\t\t\t\t\t<\/div>\n\t\t","protected":false},"excerpt":{"rendered":"<p>Wasserbau Als Partner verf\u00fcgen wir \u00fcber ausgewiesene Erfahrung in der Planung von Wasserversorgungsnetzen mit zugeh\u00f6rigen hydraulischen Anlagen, von Abwasser- und Regenwasser-Entw\u00e4sserungsnetzen mit zugeh\u00f6rigen hydraulischen Anlagen, von Netzen und hydraulischen Systemen f\u00fcr den Bau grosser Infrastrukturen, generellen Entw\u00e4sserungsplanen kantonalen Wasserversorgungspl\u00e4nen, Behandlungsanlagen, Kl\u00e4ranlagen, gemeinschaftlichen Sammelanlagen, Geographischeninformationssystemen, hydrologischen und hydraulischen Modellierungen. Die verf\u00fcgbaren Spezialisten verf\u00fcgen auch \u00fcber umfassende [&hellip;]<\/p>\n","protected":false},"author":1,"featured_media":0,"parent":0,"menu_order":0,"comment_status":"closed","ping_status":"closed","template":"elementor_header_footer","meta":{"footnotes":""},"acf":[],"_links":{"self":[{"href":"https:\/\/www.ppeng.ch\/de\/wp-json\/wp\/v2\/pages\/4538"}],"collection":[{"href":"https:\/\/www.ppeng.ch\/de\/wp-json\/wp\/v2\/pages"}],"about":[{"href":"https:\/\/www.ppeng.ch\/de\/wp-json\/wp\/v2\/types\/page"}],"author":[{"embeddable":true,"href":"https:\/\/www.ppeng.ch\/de\/wp-json\/wp\/v2\/users\/1"}],"replies":[{"embeddable":true,"href":"https:\/\/www.ppeng.ch\/de\/wp-json\/wp\/v2\/comments?post=4538"}],"version-history":[{"count":3,"href":"https:\/\/www.ppeng.ch\/de\/wp-json\/wp\/v2\/pages\/4538\/revisions"}],"predecessor-version":[{"id":6940,"href":"https:\/\/www.ppeng.ch\/de\/wp-json\/wp\/v2\/pages\/4538\/revisions\/6940"}],"wp:attachment":[{"href":"https:\/\/www.ppeng.ch\/de\/wp-json\/wp\/v2\/media?parent=4538"}],"curies":[{"name":"wp","href":"https:\/\/api.w.org\/{rel}","templated":true}]}}