{"id":4597,"date":"2020-09-01T16:40:50","date_gmt":"2020-09-01T16:40:50","guid":{"rendered":"https:\/\/www.ppeng.ch\/referencias\/"},"modified":"2020-11-14T09:19:09","modified_gmt":"2020-11-14T09:19:09","slug":"referencias","status":"publish","type":"page","link":"https:\/\/www.ppeng.ch\/es\/referencias\/","title":{"rendered":"Referencias"},"content":{"rendered":"\t\t<div data-elementor-type=\"wp-post\" data-elementor-id=\"4597\" class=\"elementor elementor-4597 elementor-2128\" data-elementor-post-type=\"page\">\n\t\t\t\t\t\t\t\t\t<section class=\"elementor-section elementor-top-section elementor-element elementor-element-be11e73 elementor-section-boxed elementor-section-height-default elementor-section-height-default\" data-id=\"be11e73\" data-element_type=\"section\">\n\t\t\t\t\t\t<div class=\"elementor-container elementor-column-gap-default\">\n\t\t\t\t\t<div class=\"elementor-column elementor-col-50 elementor-top-column elementor-element elementor-element-172511fc elementor-invisible\" data-id=\"172511fc\" data-element_type=\"column\" data-settings=\"{&quot;animation&quot;:&quot;fadeIn&quot;}\">\n\t\t\t<div class=\"elementor-widget-wrap elementor-element-populated\">\n\t\t\t\t\t\t\t\t<div class=\"elementor-element elementor-element-1267dfcf elementor-widget elementor-widget-heading\" data-id=\"1267dfcf\" data-element_type=\"widget\" data-widget_type=\"heading.default\">\n\t\t\t\t<div class=\"elementor-widget-container\">\n\t\t\t<h1 class=\"elementor-heading-title elementor-size-default\">Referencias<\/h1>\t\t<\/div>\n\t\t\t\t<\/div>\n\t\t\t\t\t<\/div>\n\t\t<\/div>\n\t\t\t\t<div class=\"elementor-column elementor-col-50 elementor-top-column elementor-element elementor-element-4d594e92 elementor-invisible\" data-id=\"4d594e92\" data-element_type=\"column\" data-settings=\"{&quot;animation&quot;:&quot;fadeIn&quot;}\">\n\t\t\t<div class=\"elementor-widget-wrap elementor-element-populated\">\n\t\t\t\t\t\t\t\t<div class=\"elementor-element elementor-element-5ff4e08d elementor-widget elementor-widget-text-editor\" data-id=\"5ff4e08d\" data-element_type=\"widget\" data-widget_type=\"text-editor.default\">\n\t\t\t\t<div class=\"elementor-widget-container\">\n\t\t\t\t\t\t\t<p class=\"p1\">Nuestro saber-hacer, adquirido principalmente en ferrocarriles y autopistas en ejercicio, le permite a nuestro equipo el manejo seguro y eficiente en la gesti\u00f3n de proyectos, dirigir nuevos desaf\u00edos y ofrecer soluciones multidisciplinarias de vanguardia, gracias al uso de materiales sostenibles, soluciones y tecnolog\u00eda a medida.<\/p>\n\t\t\t\t\t\t<\/div>\n\t\t\t\t<\/div>\n\t\t\t\t\t<\/div>\n\t\t<\/div>\n\t\t\t\t\t\t\t<\/div>\n\t\t<\/section>\n\t\t\t\t<section class=\"elementor-section elementor-top-section elementor-element elementor-element-6f44854 elementor-section-boxed elementor-section-height-default elementor-section-height-default\" data-id=\"6f44854\" data-element_type=\"section\">\n\t\t\t\t\t\t<div class=\"elementor-container elementor-column-gap-default\">\n\t\t\t\t\t<div class=\"elementor-column elementor-col-100 elementor-top-column elementor-element elementor-element-87a5b8c\" data-id=\"87a5b8c\" data-element_type=\"column\">\n\t\t\t<div class=\"elementor-widget-wrap elementor-element-populated\">\n\t\t\t\t\t\t\t\t<div class=\"elementor-element elementor-element-36c7a5e elementor-icon-list--layout-inline elementor-align-center elementor-mobile-align-center elementor-list-item-link-full_width elementor-widget elementor-widget-global elementor-global-6800 elementor-widget-icon-list\" data-id=\"36c7a5e\" data-element_type=\"widget\" data-widget_type=\"icon-list.default\">\n\t\t\t\t<div class=\"elementor-widget-container\">\n\t\t\t\t\t<ul class=\"elementor-icon-list-items elementor-inline-items\">\n\t\t\t\t\t\t\t<li class=\"elementor-icon-list-item elementor-inline-item\">\n\t\t\t\t\t\t\t\t\t\t\t<a href=\"https:\/\/www.ppeng.ch\/es\/referencias\/\">\n\n\t\t\t\t\t\t\t\t\t\t\t\t<span class=\"elementor-icon-list-icon\">\n\t\t\t\t\t\t\t<i aria-hidden=\"true\" class=\"fas fa-home\"><\/i>\t\t\t\t\t\t<\/span>\n\t\t\t\t\t\t\t\t\t\t<span class=\"elementor-icon-list-text\"><\/span>\n\t\t\t\t\t\t\t\t\t\t\t<\/a>\n\t\t\t\t\t\t\t\t\t<\/li>\n\t\t\t\t\t\t\t\t<li class=\"elementor-icon-list-item elementor-inline-item\">\n\t\t\t\t\t\t\t\t\t\t\t<a href=\"https:\/\/www.ppeng.ch\/es\/referencias-carreteras\/\">\n\n\t\t\t\t\t\t\t\t\t\t\t<span class=\"elementor-icon-list-text\">Carreteras<\/span>\n\t\t\t\t\t\t\t\t\t\t\t<\/a>\n\t\t\t\t\t\t\t\t\t<\/li>\n\t\t\t\t\t\t\t\t<li class=\"elementor-icon-list-item elementor-inline-item\">\n\t\t\t\t\t\t\t\t\t\t\t<a href=\"https:\/\/www.ppeng.ch\/es\/referencias-ferrocarriles\/\">\n\n\t\t\t\t\t\t\t\t\t\t\t<span class=\"elementor-icon-list-text\">Ferrocarriles<\/span>\n\t\t\t\t\t\t\t\t\t\t\t<\/a>\n\t\t\t\t\t\t\t\t\t<\/li>\n\t\t\t\t\t\t\t\t<li class=\"elementor-icon-list-item elementor-inline-item\">\n\t\t\t\t\t\t\t\t\t\t\t<a href=\"https:\/\/www.ppeng.ch\/es\/referencias-puentes\/\">\n\n\t\t\t\t\t\t\t\t\t\t\t<span class=\"elementor-icon-list-text\">Puentes<\/span>\n\t\t\t\t\t\t\t\t\t\t\t<\/a>\n\t\t\t\t\t\t\t\t\t<\/li>\n\t\t\t\t\t\t\t\t<li class=\"elementor-icon-list-item elementor-inline-item\">\n\t\t\t\t\t\t\t\t\t\t\t<a href=\"https:\/\/www.ppeng.ch\/es\/referencias-tuneles\/\">\n\n\t\t\t\t\t\t\t\t\t\t\t<span class=\"elementor-icon-list-text\">T\u00faneles<\/span>\n\t\t\t\t\t\t\t\t\t\t\t<\/a>\n\t\t\t\t\t\t\t\t\t<\/li>\n\t\t\t\t\t\t\t\t<li class=\"elementor-icon-list-item elementor-inline-item\">\n\t\t\t\t\t\t\t\t\t\t\t<a href=\"https:\/\/www.ppeng.ch\/es\/referencias-edificios\/\">\n\n\t\t\t\t\t\t\t\t\t\t\t<span class=\"elementor-icon-list-text\">Edificios<\/span>\n\t\t\t\t\t\t\t\t\t\t\t<\/a>\n\t\t\t\t\t\t\t\t\t<\/li>\n\t\t\t\t\t\t\t\t<li class=\"elementor-icon-list-item elementor-inline-item\">\n\t\t\t\t\t\t\t\t\t\t\t<a href=\"https:\/\/www.ppeng.ch\/es\/referencias-ingenieria-hidraulica\/\">\n\n\t\t\t\t\t\t\t\t\t\t\t<span class=\"elementor-icon-list-text\">Ingenier\u00eda Hidr\u00e1ulica<\/span>\n\t\t\t\t\t\t\t\t\t\t\t<\/a>\n\t\t\t\t\t\t\t\t\t<\/li>\n\t\t\t\t\t\t\t\t<li class=\"elementor-icon-list-item elementor-inline-item\">\n\t\t\t\t\t\t\t\t\t\t\t<a href=\"https:\/\/www.ppeng.ch\/es\/referencias-geotecnia\/\">\n\n\t\t\t\t\t\t\t\t\t\t\t<span class=\"elementor-icon-list-text\">Geotecnia<\/span>\n\t\t\t\t\t\t\t\t\t\t\t<\/a>\n\t\t\t\t\t\t\t\t\t<\/li>\n\t\t\t\t\t\t\t\t<li class=\"elementor-icon-list-item elementor-inline-item\">\n\t\t\t\t\t\t\t\t\t\t\t<a href=\"https:\/\/www.ppeng.ch\/es\/referencias-bim\/\">\n\n\t\t\t\t\t\t\t\t\t\t\t<span class=\"elementor-icon-list-text\">BIM<\/span>\n\t\t\t\t\t\t\t\t\t\t\t<\/a>\n\t\t\t\t\t\t\t\t\t<\/li>\n\t\t\t\t\t\t<\/ul>\n\t\t\t\t<\/div>\n\t\t\t\t<\/div>\n\t\t\t\t\t<\/div>\n\t\t<\/div>\n\t\t\t\t\t\t\t<\/div>\n\t\t<\/section>\n\t\t\t\t<section class=\"elementor-section elementor-top-section elementor-element elementor-element-8053c19 elementor-section-boxed elementor-section-height-default elementor-section-height-default\" data-id=\"8053c19\" data-element_type=\"section\">\n\t\t\t\t\t\t<div class=\"elementor-container elementor-column-gap-default\">\n\t\t\t\t\t<div class=\"elementor-column elementor-col-100 elementor-top-column elementor-element elementor-element-3357f28c\" data-id=\"3357f28c\" data-element_type=\"column\">\n\t\t\t<div class=\"elementor-widget-wrap elementor-element-populated\">\n\t\t\t\t\t\t\t\t<div class=\"elementor-element elementor-element-5c7a3f3b elementor-widget elementor-widget-jet-blog-smart-listing\" data-id=\"5c7a3f3b\" data-element_type=\"widget\" data-widget_type=\"jet-blog-smart-listing.default\">\n\t\t\t\t<div class=\"elementor-widget-container\">\n\t\t\t<div class=\"elementor-jet-blog-smart-listing jet-blog\"><div class=\"jet-smart-listing-wrap\" data-settings='{&quot;block_title&quot;:&quot;&quot;,&quot;title_tag&quot;:&quot;h2&quot;,&quot;featured_post&quot;:&quot;&quot;,&quot;featured_position&quot;:null,&quot;featured_width&quot;:null,&quot;featured_layout&quot;:null,&quot;featured_image_size&quot;:null,&quot;featured_image_position&quot;:null,&quot;featured_image_width&quot;:null,&quot;featured_excerpt_length&quot;:null,&quot;featured_excerpt_trimmed_ending&quot;:null,&quot;featured_read_more&quot;:null,&quot;featured_read_more_text&quot;:null,&quot;featured_show_meta&quot;:null,&quot;featured_show_author&quot;:null,&quot;featured_show_author_icon&quot;:null,&quot;selected_featured_show_author_icon&quot;:null,&quot;featured_show_date&quot;:null,&quot;featured_show_date_icon&quot;:null,&quot;selected_featured_show_date_icon&quot;:null,&quot;featured_show_comments&quot;:null,&quot;featured_show_comments_icon&quot;:null,&quot;selected_featured_show_comments_icon&quot;:null,&quot;posts_columns_widescreen&quot;:null,&quot;posts_columns&quot;:&quot;1&quot;,&quot;posts_columns_laptop&quot;:null,&quot;posts_columns_tablet_extra&quot;:null,&quot;posts_columns_tablet&quot;:null,&quot;posts_columns_mobile_extra&quot;:null,&quot;posts_columns_mobile&quot;:null,&quot;posts_rows_widescreen&quot;:null,&quot;posts_rows&quot;:&quot;6&quot;,&quot;posts_rows_laptop&quot;:null,&quot;posts_rows_tablet_extra&quot;:null,&quot;posts_rows_tablet&quot;:null,&quot;posts_rows_mobile_extra&quot;:null,&quot;posts_rows_mobile&quot;:null,&quot;image_size&quot;:&quot;full&quot;,&quot;image_position&quot;:&quot;left&quot;,&quot;image_width&quot;:{&quot;unit&quot;:&quot;%&quot;,&quot;size&quot;:26,&quot;sizes&quot;:[]},&quot;excerpt_length&quot;:15,&quot;excerpt_trimmed_ending&quot;:&quot;...&quot;,&quot;read_more&quot;:&quot;yes&quot;,&quot;read_more_text&quot;:&quot;Descubrir&quot;,&quot;show_meta&quot;:&quot;yes&quot;,&quot;show_author&quot;:&quot;&quot;,&quot;show_author_icon&quot;:null,&quot;selected_show_author_icon&quot;:null,&quot;show_date&quot;:&quot;&quot;,&quot;show_date_icon&quot;:&quot;&quot;,&quot;selected_show_date_icon&quot;:null,&quot;show_comments&quot;:&quot;&quot;,&quot;show_comments_icon&quot;:null,&quot;selected_show_comments_icon&quot;:null,&quot;query_by&quot;:&quot;category&quot;,&quot;category_ids&quot;:[&quot;9&quot;,&quot;10&quot;,&quot;11&quot;,&quot;12&quot;,&quot;13&quot;,&quot;14&quot;,&quot;15&quot;,&quot;45&quot;],&quot;post_tag_ids&quot;:null,&quot;include_ids&quot;:null,&quot;exclude_ids&quot;:&quot;&quot;,&quot;custom_query_by&quot;:null,&quot;custom_terms_ids&quot;:null,&quot;meta_query&quot;:&quot;&quot;,&quot;meta_key&quot;:null,&quot;meta_value&quot;:null,&quot;show_filter&quot;:&quot;&quot;,&quot;filter_by&quot;:null,&quot;show_all_btn&quot;:null,&quot;all_btn_label&quot;:null,&quot;more_terms_icon&quot;:null,&quot;selected_more_terms_icon&quot;:null,&quot;show_arrows&quot;:&quot;yes&quot;,&quot;arrow_type&quot;:&quot;fa fa-chevron-left&quot;,&quot;show_featured_terms&quot;:null,&quot;show_featured_terms_tax&quot;:null,&quot;show_terms&quot;:&quot;&quot;,&quot;show_terms_tax&quot;:null,&quot;featured_meta_position&quot;:null,&quot;meta_position&quot;:&quot;before&quot;,&quot;show_image&quot;:&quot;yes&quot;,&quot;post_type&quot;:&quot;post&quot;,&quot;post_ids&quot;:null,&quot;content_related_meta&quot;:null,&quot;show_content_related_meta&quot;:&quot;&quot;,&quot;meta_content_related_position&quot;:null,&quot;title_related_meta&quot;:null,&quot;show_title_related_meta&quot;:&quot;&quot;,&quot;meta_title_related_position&quot;:null,&quot;featured_title_length&quot;:null,&quot;title_length&quot;:0,&quot;add_button_icon&quot;:&quot;&quot;,&quot;button_icon&quot;:null,&quot;selected_button_icon&quot;:null,&quot;post_add_button_icon&quot;:&quot;&quot;,&quot;post_button_icon&quot;:null,&quot;selected_post_button_icon&quot;:null,&quot;use_custom_query&quot;:&quot;&quot;,&quot;custom_query&quot;:null,&quot;posts_offset&quot;:0,&quot;order&quot;:&quot;DESC&quot;,&quot;order_by&quot;:&quot;date&quot;,&quot;is_archive_template&quot;:&quot;&quot;}' data-page=\"1\" data-term=\"0\" data-scroll-top=1>\n\t<div class=\"jet-smart-listing__heading\"><span class=\"jet-smart-listing__title-placeholder\"><\/span><\/div>\n\t<div class=\"jet-smart-listing rows-6 no-featured\"><div class=\"jet-smart-listing__posts\">\n\t\t\t\t<div class=\"jet-smart-listing__post-wrapper\">\n\t\t\t\t<div class=\"jet-smart-listing__post has-post-thumb has-thumb-postion-left\">\n\t\t\t\t\t\t\t\t\t\t<div class=\"jet-smart-listing__post-thumbnail post-thumbnail-simple\"><a href=\"https:\/\/www.ppeng.ch\/es\/inspeccion-y-evaluacion-de-corrientes-lugano-suiza\/\"><img loading=\"lazy\" width=\"1328\" height=\"806\" src=\"https:\/\/www.ppeng.ch\/wp-content\/uploads\/2020\/10\/Rilievo-riali-Lugano.jpg\" class=\"jet-smart-listing__post-thumbnail-img post-thumbnail-img-simple wp-post-image\" alt=\"Inspecci\u00f3n y evaluaci\u00f3n de corrientes, LUGANO \u2013 SUIZA\" decoding=\"async\" srcset=\"https:\/\/www.ppeng.ch\/wp-content\/uploads\/2020\/10\/Rilievo-riali-Lugano.jpg 1328w, https:\/\/www.ppeng.ch\/wp-content\/uploads\/2020\/10\/Rilievo-riali-Lugano-300x182.jpg 300w, https:\/\/www.ppeng.ch\/wp-content\/uploads\/2020\/10\/Rilievo-riali-Lugano-1024x621.jpg 1024w, https:\/\/www.ppeng.ch\/wp-content\/uploads\/2020\/10\/Rilievo-riali-Lugano-768x466.jpg 768w\" sizes=\"(max-width: 1328px) 100vw, 1328px\" \/><\/a><\/div>\t\t\t\t\t<div class=\"jet-smart-listing__post-content\"><div class=\"jet-smart-listing__meta\"><\/div><div class=\"jet-smart-listing__post-title post-title-simple\"><a href=\"https:\/\/www.ppeng.ch\/es\/inspeccion-y-evaluacion-de-corrientes-lugano-suiza\/\">Inspecci\u00f3n y evaluaci\u00f3n de corrientes, LUGANO \u2013 SUIZA<\/a><\/div><div class=\"jet-smart-listing__post-excerpt post-excerpt-simple\">El proyecto se refiere a la inspecci\u00f3n y evaluaci\u00f3n de canales y cursos de agua...<\/div><div class=\"jet-smart-listing__more-wrap\"><a href=\"https:\/\/www.ppeng.ch\/es\/inspeccion-y-evaluacion-de-corrientes-lugano-suiza\/\" class=\"jet-smart-listing__more simple-more elementor-button elementor-size-md\"><span class=\"jet-smart-listing__more-text\">Descubrir<\/span><\/a><\/div><\/div>\n\t\t\t\t<\/div>\n\t\t\t<\/div>\n\t\t\t\t\t\t<div class=\"jet-smart-listing__post-wrapper\">\n\t\t\t\t<div class=\"jet-smart-listing__post has-post-thumb has-thumb-postion-left\">\n\t\t\t\t\t\t\t\t\t\t<div class=\"jet-smart-listing__post-thumbnail post-thumbnail-simple\"><a href=\"https:\/\/www.ppeng.ch\/es\/plan-general-de-eliminacion-de-aguas-residuales-curio-suiza\/\"><img loading=\"lazy\" width=\"1328\" height=\"806\" src=\"https:\/\/www.ppeng.ch\/wp-content\/uploads\/2020\/10\/PGS-Curio.jpg\" class=\"jet-smart-listing__post-thumbnail-img post-thumbnail-img-simple wp-post-image\" alt=\"Plan general de eliminaci\u00f3n de aguas residuales, CURIO \u2013 SUIZA\" decoding=\"async\" srcset=\"https:\/\/www.ppeng.ch\/wp-content\/uploads\/2020\/10\/PGS-Curio.jpg 1328w, https:\/\/www.ppeng.ch\/wp-content\/uploads\/2020\/10\/PGS-Curio-300x182.jpg 300w, https:\/\/www.ppeng.ch\/wp-content\/uploads\/2020\/10\/PGS-Curio-1024x621.jpg 1024w, https:\/\/www.ppeng.ch\/wp-content\/uploads\/2020\/10\/PGS-Curio-768x466.jpg 768w\" sizes=\"(max-width: 1328px) 100vw, 1328px\" \/><\/a><\/div>\t\t\t\t\t<div class=\"jet-smart-listing__post-content\"><div class=\"jet-smart-listing__meta\"><\/div><div class=\"jet-smart-listing__post-title post-title-simple\"><a href=\"https:\/\/www.ppeng.ch\/es\/plan-general-de-eliminacion-de-aguas-residuales-curio-suiza\/\">Plan general de eliminaci\u00f3n de aguas residuales, CURIO \u2013 SUIZA<\/a><\/div><div class=\"jet-smart-listing__post-excerpt post-excerpt-simple\">El proyecto se refiere a la realizaci\u00f3n del nuevo plan general de aguas residuales de...<\/div><div class=\"jet-smart-listing__more-wrap\"><a href=\"https:\/\/www.ppeng.ch\/es\/plan-general-de-eliminacion-de-aguas-residuales-curio-suiza\/\" class=\"jet-smart-listing__more simple-more elementor-button elementor-size-md\"><span class=\"jet-smart-listing__more-text\">Descubrir<\/span><\/a><\/div><\/div>\n\t\t\t\t<\/div>\n\t\t\t<\/div>\n\t\t\t\t\t\t<div class=\"jet-smart-listing__post-wrapper\">\n\t\t\t\t<div class=\"jet-smart-listing__post has-post-thumb has-thumb-postion-left\">\n\t\t\t\t\t\t\t\t\t\t<div class=\"jet-smart-listing__post-thumbnail post-thumbnail-simple\"><a href=\"https:\/\/www.ppeng.ch\/es\/nuevo-colector-de-consorcio-blenio-medio-e-inferior-suiza\/\"><img loading=\"lazy\" width=\"1328\" height=\"806\" src=\"https:\/\/www.ppeng.ch\/wp-content\/uploads\/2020\/10\/Nuovo-collettore-consortile-.jpg\" class=\"jet-smart-listing__post-thumbnail-img post-thumbnail-img-simple wp-post-image\" alt=\"Nuevo colector de consorcio BLENIO medio e inferior \u2013 SUIZA\" decoding=\"async\" srcset=\"https:\/\/www.ppeng.ch\/wp-content\/uploads\/2020\/10\/Nuovo-collettore-consortile-.jpg 1328w, https:\/\/www.ppeng.ch\/wp-content\/uploads\/2020\/10\/Nuovo-collettore-consortile--300x182.jpg 300w, https:\/\/www.ppeng.ch\/wp-content\/uploads\/2020\/10\/Nuovo-collettore-consortile--1024x621.jpg 1024w, https:\/\/www.ppeng.ch\/wp-content\/uploads\/2020\/10\/Nuovo-collettore-consortile--768x466.jpg 768w\" sizes=\"(max-width: 1328px) 100vw, 1328px\" \/><\/a><\/div>\t\t\t\t\t<div class=\"jet-smart-listing__post-content\"><div class=\"jet-smart-listing__meta\"><\/div><div class=\"jet-smart-listing__post-title post-title-simple\"><a href=\"https:\/\/www.ppeng.ch\/es\/nuevo-colector-de-consorcio-blenio-medio-e-inferior-suiza\/\">Nuevo colector de consorcio BLENIO medio e inferior \u2013 SUIZA<\/a><\/div><div class=\"jet-smart-listing__post-excerpt post-excerpt-simple\">El proyecto se refiere a la construcci\u00f3n del colector de conexi\u00f3n del consorcio de depuraci\u00f3n...<\/div><div class=\"jet-smart-listing__more-wrap\"><a href=\"https:\/\/www.ppeng.ch\/es\/nuevo-colector-de-consorcio-blenio-medio-e-inferior-suiza\/\" class=\"jet-smart-listing__more simple-more elementor-button elementor-size-md\"><span class=\"jet-smart-listing__more-text\">Descubrir<\/span><\/a><\/div><\/div>\n\t\t\t\t<\/div>\n\t\t\t<\/div>\n\t\t\t\t\t\t<div class=\"jet-smart-listing__post-wrapper\">\n\t\t\t\t<div class=\"jet-smart-listing__post has-post-thumb has-thumb-postion-left\">\n\t\t\t\t\t\t\t\t\t\t<div class=\"jet-smart-listing__post-thumbnail post-thumbnail-simple\"><a href=\"https:\/\/www.ppeng.ch\/es\/atg-l626-desviacion-y-reubicacion-del-rio-froda-biasca-suiza-2\/\"><img loading=\"lazy\" width=\"1328\" height=\"806\" src=\"https:\/\/www.ppeng.ch\/wp-content\/uploads\/2020\/10\/deviazione-Froda.jpg\" class=\"jet-smart-listing__post-thumbnail-img post-thumbnail-img-simple wp-post-image\" alt=\"ATG \u2013 L626 Desviaci\u00f3n y reubicaci\u00f3n del R\u00edo Froda, BIASCA \u2013 SUIZA\" decoding=\"async\" srcset=\"https:\/\/www.ppeng.ch\/wp-content\/uploads\/2020\/10\/deviazione-Froda.jpg 1328w, https:\/\/www.ppeng.ch\/wp-content\/uploads\/2020\/10\/deviazione-Froda-300x182.jpg 300w, https:\/\/www.ppeng.ch\/wp-content\/uploads\/2020\/10\/deviazione-Froda-1024x621.jpg 1024w, https:\/\/www.ppeng.ch\/wp-content\/uploads\/2020\/10\/deviazione-Froda-768x466.jpg 768w\" sizes=\"(max-width: 1328px) 100vw, 1328px\" \/><\/a><\/div>\t\t\t\t\t<div class=\"jet-smart-listing__post-content\"><div class=\"jet-smart-listing__meta\"><\/div><div class=\"jet-smart-listing__post-title post-title-simple\"><a href=\"https:\/\/www.ppeng.ch\/es\/atg-l626-desviacion-y-reubicacion-del-rio-froda-biasca-suiza-2\/\">ATG \u2013 L626 Desviaci\u00f3n y reubicaci\u00f3n del R\u00edo Froda, BIASCA \u2013 SUIZA<\/a><\/div><div class=\"jet-smart-listing__post-excerpt post-excerpt-simple\">Como parte del proyecto relativo al Empalme de Giustizia (Lote 626) relativo a la nueva...<\/div><div class=\"jet-smart-listing__more-wrap\"><a href=\"https:\/\/www.ppeng.ch\/es\/atg-l626-desviacion-y-reubicacion-del-rio-froda-biasca-suiza-2\/\" class=\"jet-smart-listing__more simple-more elementor-button elementor-size-md\"><span class=\"jet-smart-listing__more-text\">Descubrir<\/span><\/a><\/div><\/div>\n\t\t\t\t<\/div>\n\t\t\t<\/div>\n\t\t\t\t\t\t<div class=\"jet-smart-listing__post-wrapper\">\n\t\t\t\t<div class=\"jet-smart-listing__post has-post-thumb has-thumb-postion-left\">\n\t\t\t\t\t\t\t\t\t\t<div class=\"jet-smart-listing__post-thumbnail post-thumbnail-simple\"><a href=\"https:\/\/www.ppeng.ch\/es\/escuela-secundaria-2-bellinzona-suiza\/\"><img loading=\"lazy\" width=\"1328\" height=\"806\" src=\"https:\/\/www.ppeng.ch\/wp-content\/uploads\/2020\/10\/Scuola-Media-2-Bellinzona.jpg\" class=\"jet-smart-listing__post-thumbnail-img post-thumbnail-img-simple wp-post-image\" alt=\"Escuela Secundaria 2, BELLINZONA \u2013 SUIZA\" decoding=\"async\" srcset=\"https:\/\/www.ppeng.ch\/wp-content\/uploads\/2020\/10\/Scuola-Media-2-Bellinzona.jpg 1328w, https:\/\/www.ppeng.ch\/wp-content\/uploads\/2020\/10\/Scuola-Media-2-Bellinzona-300x182.jpg 300w, https:\/\/www.ppeng.ch\/wp-content\/uploads\/2020\/10\/Scuola-Media-2-Bellinzona-1024x621.jpg 1024w, https:\/\/www.ppeng.ch\/wp-content\/uploads\/2020\/10\/Scuola-Media-2-Bellinzona-768x466.jpg 768w\" sizes=\"(max-width: 1328px) 100vw, 1328px\" \/><\/a><\/div>\t\t\t\t\t<div class=\"jet-smart-listing__post-content\"><div class=\"jet-smart-listing__meta\"><\/div><div class=\"jet-smart-listing__post-title post-title-simple\"><a href=\"https:\/\/www.ppeng.ch\/es\/escuela-secundaria-2-bellinzona-suiza\/\">Escuela Secundaria 2, BELLINZONA \u2013 SUIZA<\/a><\/div><div class=\"jet-smart-listing__post-excerpt post-excerpt-simple\">El proyecto consiste en la realizaci\u00f3n de una escuela con tres edificios: escuela, gimnasio y...<\/div><div class=\"jet-smart-listing__more-wrap\"><a href=\"https:\/\/www.ppeng.ch\/es\/escuela-secundaria-2-bellinzona-suiza\/\" class=\"jet-smart-listing__more simple-more elementor-button elementor-size-md\"><span class=\"jet-smart-listing__more-text\">Descubrir<\/span><\/a><\/div><\/div>\n\t\t\t\t<\/div>\n\t\t\t<\/div>\n\t\t\t\t\t\t<div class=\"jet-smart-listing__post-wrapper\">\n\t\t\t\t<div class=\"jet-smart-listing__post has-post-thumb has-thumb-postion-left\">\n\t\t\t\t\t\t\t\t\t\t<div class=\"jet-smart-listing__post-thumbnail post-thumbnail-simple\"><a href=\"https:\/\/www.ppeng.ch\/es\/edificio-administrativo-3-bellinzona-suiza\/\"><img loading=\"lazy\" width=\"1328\" height=\"806\" src=\"https:\/\/www.ppeng.ch\/wp-content\/uploads\/2020\/10\/Stabile-amministrativo.jpg\" class=\"jet-smart-listing__post-thumbnail-img post-thumbnail-img-simple wp-post-image\" alt=\"Edificio Administrativo 3, BELLINZONA \u2013 SUIZA\" decoding=\"async\" srcset=\"https:\/\/www.ppeng.ch\/wp-content\/uploads\/2020\/10\/Stabile-amministrativo.jpg 1328w, https:\/\/www.ppeng.ch\/wp-content\/uploads\/2020\/10\/Stabile-amministrativo-300x182.jpg 300w, https:\/\/www.ppeng.ch\/wp-content\/uploads\/2020\/10\/Stabile-amministrativo-1024x621.jpg 1024w, https:\/\/www.ppeng.ch\/wp-content\/uploads\/2020\/10\/Stabile-amministrativo-768x466.jpg 768w\" sizes=\"(max-width: 1328px) 100vw, 1328px\" \/><\/a><\/div>\t\t\t\t\t<div class=\"jet-smart-listing__post-content\"><div class=\"jet-smart-listing__meta\"><\/div><div class=\"jet-smart-listing__post-title post-title-simple\"><a href=\"https:\/\/www.ppeng.ch\/es\/edificio-administrativo-3-bellinzona-suiza\/\">Edificio Administrativo 3, BELLINZONA \u2013 SUIZA<\/a><\/div><div class=\"jet-smart-listing__post-excerpt post-excerpt-simple\">El proyecto se refiere a la realizaci\u00f3n de un gran parque p\u00fablico con dos edificios...<\/div><div class=\"jet-smart-listing__more-wrap\"><a href=\"https:\/\/www.ppeng.ch\/es\/edificio-administrativo-3-bellinzona-suiza\/\" class=\"jet-smart-listing__more simple-more elementor-button elementor-size-md\"><span class=\"jet-smart-listing__more-text\">Descubrir<\/span><\/a><\/div><\/div>\n\t\t\t\t<\/div>\n\t\t\t<\/div>\n\t\t\t<\/div>\n<\/div>\n\t<div class=\"jet-smart-listing__arrows\"><div class=\"jet-smart-listing__arrow jet-arrow-prev jet-arrow-disabled\" data-dir=\"prev\"><svg width=\"24\" height=\"24\" viewBox=\"0 0 24 24\" fill=\"none\" xmlns=\"http:\/\/www.w3.org\/2000\/svg\"><path d=\"M16.4 1.4499L18.4 3.4749L9.82502 12.0499L18.4 20.6249L16.4 22.6499L5.80002 12.0499L16.4 1.4499Z\" fill=\"#0F172A\"\/><\/svg><\/div><div class=\"jet-smart-listing__arrow jet-arrow-next\" data-dir=\"next\"><svg width=\"24\" height=\"24\" viewBox=\"0 0 24 24\" fill=\"none\" xmlns=\"http:\/\/www.w3.org\/2000\/svg\"><path d=\"M7.59998 22.5501L5.59998 20.5251L14.175 11.9501L5.59998 3.3751L7.59998 1.3501L18.2 11.9501L7.59998 22.5501Z\" fill=\"#0F172A\"\/><\/svg><\/div><\/div><\/div>\n<div class=\"jet-smart-listing-loading\"><\/div><\/div>\t\t<\/div>\n\t\t\t\t<\/div>\n\t\t\t\t\t<\/div>\n\t\t<\/div>\n\t\t\t\t\t\t\t<\/div>\n\t\t<\/section>\n\t\t\t\t\t\t\t<\/div>\n\t\t","protected":false},"excerpt":{"rendered":"<p>Referencias Nuestro saber-hacer, adquirido principalmente en ferrocarriles y autopistas en ejercicio, le permite a nuestro equipo el manejo seguro y eficiente en la gesti\u00f3n de proyectos, dirigir nuevos desaf\u00edos y ofrecer soluciones multidisciplinarias de vanguardia, gracias al uso de materiales sostenibles, soluciones y tecnolog\u00eda a medida. Carreteras Ferrocarriles Puentes T\u00faneles Edificios Ingenier\u00eda Hidr\u00e1ulica Geotecnia BIM [&hellip;]<\/p>\n","protected":false},"author":1,"featured_media":0,"parent":0,"menu_order":0,"comment_status":"closed","ping_status":"closed","template":"elementor_header_footer","meta":{"footnotes":""},"acf":[],"_links":{"self":[{"href":"https:\/\/www.ppeng.ch\/es\/wp-json\/wp\/v2\/pages\/4597"}],"collection":[{"href":"https:\/\/www.ppeng.ch\/es\/wp-json\/wp\/v2\/pages"}],"about":[{"href":"https:\/\/www.ppeng.ch\/es\/wp-json\/wp\/v2\/types\/page"}],"author":[{"embeddable":true,"href":"https:\/\/www.ppeng.ch\/es\/wp-json\/wp\/v2\/users\/1"}],"replies":[{"embeddable":true,"href":"https:\/\/www.ppeng.ch\/es\/wp-json\/wp\/v2\/comments?post=4597"}],"version-history":[{"count":8,"href":"https:\/\/www.ppeng.ch\/es\/wp-json\/wp\/v2\/pages\/4597\/revisions"}],"predecessor-version":[{"id":6888,"href":"https:\/\/www.ppeng.ch\/es\/wp-json\/wp\/v2\/pages\/4597\/revisions\/6888"}],"wp:attachment":[{"href":"https:\/\/www.ppeng.ch\/es\/wp-json\/wp\/v2\/media?parent=4597"}],"curies":[{"name":"wp","href":"https:\/\/api.w.org\/{rel}","templated":true}]}}