{"id":4610,"date":"2020-09-01T16:49:07","date_gmt":"2020-09-01T16:49:07","guid":{"rendered":"https:\/\/www.ppeng.ch\/referencias-geotecnia\/"},"modified":"2020-11-14T09:25:15","modified_gmt":"2020-11-14T09:25:15","slug":"referencias-geotecnia","status":"publish","type":"page","link":"https:\/\/www.ppeng.ch\/es\/referencias-geotecnia\/","title":{"rendered":"Referencias-Geotecnia"},"content":{"rendered":"\t\t<div data-elementor-type=\"wp-page\" data-elementor-id=\"4610\" class=\"elementor elementor-4610 elementor-3362\" data-elementor-post-type=\"page\">\n\t\t\t\t\t\t\t\t\t<section class=\"elementor-section elementor-top-section elementor-element elementor-element-1af71e03 elementor-section-boxed elementor-section-height-default elementor-section-height-default\" data-id=\"1af71e03\" data-element_type=\"section\">\n\t\t\t\t\t\t<div class=\"elementor-container elementor-column-gap-default\">\n\t\t\t\t\t<div class=\"elementor-column elementor-col-50 elementor-top-column elementor-element elementor-element-715ff7f1 elementor-invisible\" data-id=\"715ff7f1\" data-element_type=\"column\" data-settings=\"{&quot;animation&quot;:&quot;fadeIn&quot;}\">\n\t\t\t<div class=\"elementor-widget-wrap elementor-element-populated\">\n\t\t\t\t\t\t\t\t<div class=\"elementor-element elementor-element-63df502a elementor-widget elementor-widget-heading\" data-id=\"63df502a\" data-element_type=\"widget\" data-widget_type=\"heading.default\">\n\t\t\t\t<div class=\"elementor-widget-container\">\n\t\t\t<h1 class=\"elementor-heading-title elementor-size-default\">Geotecnia<\/h1>\t\t<\/div>\n\t\t\t\t<\/div>\n\t\t\t\t\t<\/div>\n\t\t<\/div>\n\t\t\t\t<div class=\"elementor-column elementor-col-50 elementor-top-column elementor-element elementor-element-37c01df3 elementor-invisible\" data-id=\"37c01df3\" data-element_type=\"column\" data-settings=\"{&quot;animation&quot;:&quot;fadeIn&quot;}\">\n\t\t\t<div class=\"elementor-widget-wrap elementor-element-populated\">\n\t\t\t\t\t\t\t\t<div class=\"elementor-element elementor-element-22d657cf elementor-widget elementor-widget-text-editor\" data-id=\"22d657cf\" data-element_type=\"widget\" data-widget_type=\"text-editor.default\">\n\t\t\t\t<div class=\"elementor-widget-container\">\n\t\t\t\t\t\t\t<p class=\"p1\">Planificaci\u00f3n, inspecci\u00f3n, estudios preliminares y realizaci\u00f3n de muros de contenci\u00f3n, cimientos especiales, trabajos de protecci\u00f3n y contenci\u00f3n.<\/p>\n\t\t\t\t\t\t<\/div>\n\t\t\t\t<\/div>\n\t\t\t\t\t<\/div>\n\t\t<\/div>\n\t\t\t\t\t\t\t<\/div>\n\t\t<\/section>\n\t\t\t\t<section class=\"elementor-section elementor-top-section elementor-element elementor-element-4218831 elementor-section-boxed elementor-section-height-default elementor-section-height-default\" data-id=\"4218831\" data-element_type=\"section\">\n\t\t\t\t\t\t<div class=\"elementor-container elementor-column-gap-default\">\n\t\t\t\t\t<div class=\"elementor-column elementor-col-100 elementor-top-column elementor-element elementor-element-c3e361e\" data-id=\"c3e361e\" data-element_type=\"column\">\n\t\t\t<div class=\"elementor-widget-wrap elementor-element-populated\">\n\t\t\t\t\t\t\t\t<div class=\"elementor-element elementor-element-8cfee60 elementor-icon-list--layout-inline elementor-align-center elementor-mobile-align-center elementor-list-item-link-full_width elementor-widget elementor-widget-global elementor-global-6800 elementor-widget-icon-list\" data-id=\"8cfee60\" data-element_type=\"widget\" data-widget_type=\"icon-list.default\">\n\t\t\t\t<div class=\"elementor-widget-container\">\n\t\t\t\t\t<ul class=\"elementor-icon-list-items elementor-inline-items\">\n\t\t\t\t\t\t\t<li class=\"elementor-icon-list-item elementor-inline-item\">\n\t\t\t\t\t\t\t\t\t\t\t<a href=\"https:\/\/www.ppeng.ch\/es\/referencias\/\">\n\n\t\t\t\t\t\t\t\t\t\t\t\t<span class=\"elementor-icon-list-icon\">\n\t\t\t\t\t\t\t<i aria-hidden=\"true\" class=\"fas fa-home\"><\/i>\t\t\t\t\t\t<\/span>\n\t\t\t\t\t\t\t\t\t\t<span class=\"elementor-icon-list-text\"><\/span>\n\t\t\t\t\t\t\t\t\t\t\t<\/a>\n\t\t\t\t\t\t\t\t\t<\/li>\n\t\t\t\t\t\t\t\t<li class=\"elementor-icon-list-item elementor-inline-item\">\n\t\t\t\t\t\t\t\t\t\t\t<a href=\"https:\/\/www.ppeng.ch\/es\/referencias-carreteras\/\">\n\n\t\t\t\t\t\t\t\t\t\t\t<span class=\"elementor-icon-list-text\">Carreteras<\/span>\n\t\t\t\t\t\t\t\t\t\t\t<\/a>\n\t\t\t\t\t\t\t\t\t<\/li>\n\t\t\t\t\t\t\t\t<li class=\"elementor-icon-list-item elementor-inline-item\">\n\t\t\t\t\t\t\t\t\t\t\t<a href=\"https:\/\/www.ppeng.ch\/es\/referencias-ferrocarriles\/\">\n\n\t\t\t\t\t\t\t\t\t\t\t<span class=\"elementor-icon-list-text\">Ferrocarriles<\/span>\n\t\t\t\t\t\t\t\t\t\t\t<\/a>\n\t\t\t\t\t\t\t\t\t<\/li>\n\t\t\t\t\t\t\t\t<li class=\"elementor-icon-list-item elementor-inline-item\">\n\t\t\t\t\t\t\t\t\t\t\t<a href=\"https:\/\/www.ppeng.ch\/es\/referencias-puentes\/\">\n\n\t\t\t\t\t\t\t\t\t\t\t<span class=\"elementor-icon-list-text\">Puentes<\/span>\n\t\t\t\t\t\t\t\t\t\t\t<\/a>\n\t\t\t\t\t\t\t\t\t<\/li>\n\t\t\t\t\t\t\t\t<li class=\"elementor-icon-list-item elementor-inline-item\">\n\t\t\t\t\t\t\t\t\t\t\t<a href=\"https:\/\/www.ppeng.ch\/es\/referencias-tuneles\/\">\n\n\t\t\t\t\t\t\t\t\t\t\t<span class=\"elementor-icon-list-text\">T\u00faneles<\/span>\n\t\t\t\t\t\t\t\t\t\t\t<\/a>\n\t\t\t\t\t\t\t\t\t<\/li>\n\t\t\t\t\t\t\t\t<li class=\"elementor-icon-list-item elementor-inline-item\">\n\t\t\t\t\t\t\t\t\t\t\t<a href=\"https:\/\/www.ppeng.ch\/es\/referencias-edificios\/\">\n\n\t\t\t\t\t\t\t\t\t\t\t<span class=\"elementor-icon-list-text\">Edificios<\/span>\n\t\t\t\t\t\t\t\t\t\t\t<\/a>\n\t\t\t\t\t\t\t\t\t<\/li>\n\t\t\t\t\t\t\t\t<li class=\"elementor-icon-list-item elementor-inline-item\">\n\t\t\t\t\t\t\t\t\t\t\t<a href=\"https:\/\/www.ppeng.ch\/es\/referencias-ingenieria-hidraulica\/\">\n\n\t\t\t\t\t\t\t\t\t\t\t<span class=\"elementor-icon-list-text\">Ingenier\u00eda Hidr\u00e1ulica<\/span>\n\t\t\t\t\t\t\t\t\t\t\t<\/a>\n\t\t\t\t\t\t\t\t\t<\/li>\n\t\t\t\t\t\t\t\t<li class=\"elementor-icon-list-item elementor-inline-item\">\n\t\t\t\t\t\t\t\t\t\t\t<a href=\"https:\/\/www.ppeng.ch\/es\/referencias-geotecnia\/\">\n\n\t\t\t\t\t\t\t\t\t\t\t<span class=\"elementor-icon-list-text\">Geotecnia<\/span>\n\t\t\t\t\t\t\t\t\t\t\t<\/a>\n\t\t\t\t\t\t\t\t\t<\/li>\n\t\t\t\t\t\t\t\t<li class=\"elementor-icon-list-item elementor-inline-item\">\n\t\t\t\t\t\t\t\t\t\t\t<a href=\"https:\/\/www.ppeng.ch\/es\/referencias-bim\/\">\n\n\t\t\t\t\t\t\t\t\t\t\t<span class=\"elementor-icon-list-text\">BIM<\/span>\n\t\t\t\t\t\t\t\t\t\t\t<\/a>\n\t\t\t\t\t\t\t\t\t<\/li>\n\t\t\t\t\t\t<\/ul>\n\t\t\t\t<\/div>\n\t\t\t\t<\/div>\n\t\t\t\t\t<\/div>\n\t\t<\/div>\n\t\t\t\t\t\t\t<\/div>\n\t\t<\/section>\n\t\t\t\t<section class=\"elementor-section elementor-top-section elementor-element elementor-element-6db00de5 elementor-section-boxed elementor-section-height-default elementor-section-height-default\" data-id=\"6db00de5\" data-element_type=\"section\">\n\t\t\t\t\t\t<div class=\"elementor-container elementor-column-gap-default\">\n\t\t\t\t\t<div class=\"elementor-column elementor-col-100 elementor-top-column elementor-element elementor-element-3d3c1245\" data-id=\"3d3c1245\" data-element_type=\"column\">\n\t\t\t<div class=\"elementor-widget-wrap elementor-element-populated\">\n\t\t\t\t\t\t\t\t<div class=\"elementor-element elementor-element-4d9ed4a3 elementor-widget elementor-widget-jet-blog-smart-listing\" data-id=\"4d9ed4a3\" data-element_type=\"widget\" data-widget_type=\"jet-blog-smart-listing.default\">\n\t\t\t\t<div class=\"elementor-widget-container\">\n\t\t\t<div class=\"elementor-jet-blog-smart-listing jet-blog\"><div class=\"jet-smart-listing-wrap\" data-settings='{&quot;block_title&quot;:&quot;&quot;,&quot;title_tag&quot;:&quot;h2&quot;,&quot;featured_post&quot;:&quot;&quot;,&quot;featured_position&quot;:null,&quot;featured_width&quot;:null,&quot;featured_layout&quot;:null,&quot;featured_image_size&quot;:null,&quot;featured_image_position&quot;:null,&quot;featured_image_width&quot;:null,&quot;featured_excerpt_length&quot;:null,&quot;featured_excerpt_trimmed_ending&quot;:null,&quot;featured_read_more&quot;:null,&quot;featured_read_more_text&quot;:null,&quot;featured_show_meta&quot;:null,&quot;featured_show_author&quot;:null,&quot;featured_show_author_icon&quot;:null,&quot;selected_featured_show_author_icon&quot;:null,&quot;featured_show_date&quot;:null,&quot;featured_show_date_icon&quot;:null,&quot;selected_featured_show_date_icon&quot;:null,&quot;featured_show_comments&quot;:null,&quot;featured_show_comments_icon&quot;:null,&quot;selected_featured_show_comments_icon&quot;:null,&quot;posts_columns_widescreen&quot;:null,&quot;posts_columns&quot;:&quot;1&quot;,&quot;posts_columns_laptop&quot;:null,&quot;posts_columns_tablet_extra&quot;:null,&quot;posts_columns_tablet&quot;:null,&quot;posts_columns_mobile_extra&quot;:null,&quot;posts_columns_mobile&quot;:&quot;1&quot;,&quot;posts_rows_widescreen&quot;:null,&quot;posts_rows&quot;:&quot;6&quot;,&quot;posts_rows_laptop&quot;:null,&quot;posts_rows_tablet_extra&quot;:null,&quot;posts_rows_tablet&quot;:null,&quot;posts_rows_mobile_extra&quot;:null,&quot;posts_rows_mobile&quot;:null,&quot;image_size&quot;:&quot;full&quot;,&quot;image_position&quot;:&quot;left&quot;,&quot;image_width&quot;:{&quot;unit&quot;:&quot;%&quot;,&quot;size&quot;:26,&quot;sizes&quot;:[]},&quot;excerpt_length&quot;:25,&quot;excerpt_trimmed_ending&quot;:&quot;...&quot;,&quot;read_more&quot;:&quot;yes&quot;,&quot;read_more_text&quot;:&quot;Descubrir&quot;,&quot;show_meta&quot;:&quot;yes&quot;,&quot;show_author&quot;:&quot;&quot;,&quot;show_author_icon&quot;:null,&quot;selected_show_author_icon&quot;:null,&quot;show_date&quot;:&quot;&quot;,&quot;show_date_icon&quot;:&quot;&quot;,&quot;selected_show_date_icon&quot;:null,&quot;show_comments&quot;:&quot;&quot;,&quot;show_comments_icon&quot;:null,&quot;selected_show_comments_icon&quot;:null,&quot;query_by&quot;:&quot;category&quot;,&quot;category_ids&quot;:[&quot;14&quot;],&quot;post_tag_ids&quot;:null,&quot;include_ids&quot;:null,&quot;exclude_ids&quot;:&quot;&quot;,&quot;custom_query_by&quot;:null,&quot;custom_terms_ids&quot;:null,&quot;meta_query&quot;:&quot;&quot;,&quot;meta_key&quot;:null,&quot;meta_value&quot;:null,&quot;show_filter&quot;:&quot;&quot;,&quot;filter_by&quot;:null,&quot;show_all_btn&quot;:null,&quot;all_btn_label&quot;:null,&quot;more_terms_icon&quot;:null,&quot;selected_more_terms_icon&quot;:null,&quot;show_arrows&quot;:&quot;yes&quot;,&quot;arrow_type&quot;:&quot;fa fa-chevron-left&quot;,&quot;show_featured_terms&quot;:null,&quot;show_featured_terms_tax&quot;:null,&quot;show_terms&quot;:&quot;&quot;,&quot;show_terms_tax&quot;:null,&quot;featured_meta_position&quot;:null,&quot;meta_position&quot;:&quot;before&quot;,&quot;show_image&quot;:&quot;yes&quot;,&quot;post_type&quot;:&quot;post&quot;,&quot;post_ids&quot;:null,&quot;content_related_meta&quot;:null,&quot;show_content_related_meta&quot;:&quot;&quot;,&quot;meta_content_related_position&quot;:null,&quot;title_related_meta&quot;:null,&quot;show_title_related_meta&quot;:&quot;&quot;,&quot;meta_title_related_position&quot;:null,&quot;featured_title_length&quot;:null,&quot;title_length&quot;:0,&quot;add_button_icon&quot;:&quot;&quot;,&quot;button_icon&quot;:null,&quot;selected_button_icon&quot;:null,&quot;post_add_button_icon&quot;:&quot;&quot;,&quot;post_button_icon&quot;:null,&quot;selected_post_button_icon&quot;:null,&quot;use_custom_query&quot;:&quot;&quot;,&quot;custom_query&quot;:null,&quot;posts_offset&quot;:0,&quot;order&quot;:&quot;DESC&quot;,&quot;order_by&quot;:&quot;date&quot;,&quot;is_archive_template&quot;:&quot;&quot;}' data-page=\"1\" data-term=\"0\" data-scroll-top=1>\n\t<div class=\"jet-smart-listing__heading\"><span class=\"jet-smart-listing__title-placeholder\"><\/span><\/div>\n\t<div class=\"jet-smart-listing rows-6 no-featured\"><div class=\"jet-smart-listing__posts\">\n\t\t\t\t<div class=\"jet-smart-listing__post-wrapper\">\n\t\t\t\t<div class=\"jet-smart-listing__post has-post-thumb has-thumb-postion-left\">\n\t\t\t\t\t\t\t\t\t\t<div class=\"jet-smart-listing__post-thumbnail post-thumbnail-simple\"><a href=\"https:\/\/www.ppeng.ch\/es\/obras-de-proteccion-sbb-biasca-suiza\/\"><img loading=\"lazy\" width=\"1328\" height=\"806\" src=\"https:\/\/www.ppeng.ch\/wp-content\/uploads\/2020\/10\/Caduta-sassi-Giustizia.jpg\" class=\"jet-smart-listing__post-thumbnail-img post-thumbnail-img-simple wp-post-image\" alt=\"Obras de protecci\u00f3n SBB, BIASCA \u2013 SUIZA\" decoding=\"async\" srcset=\"https:\/\/www.ppeng.ch\/wp-content\/uploads\/2020\/10\/Caduta-sassi-Giustizia.jpg 1328w, https:\/\/www.ppeng.ch\/wp-content\/uploads\/2020\/10\/Caduta-sassi-Giustizia-300x182.jpg 300w, https:\/\/www.ppeng.ch\/wp-content\/uploads\/2020\/10\/Caduta-sassi-Giustizia-1024x621.jpg 1024w, https:\/\/www.ppeng.ch\/wp-content\/uploads\/2020\/10\/Caduta-sassi-Giustizia-768x466.jpg 768w\" sizes=\"(max-width: 1328px) 100vw, 1328px\" \/><\/a><\/div>\t\t\t\t\t<div class=\"jet-smart-listing__post-content\"><div class=\"jet-smart-listing__meta\"><\/div><div class=\"jet-smart-listing__post-title post-title-simple\"><a href=\"https:\/\/www.ppeng.ch\/es\/obras-de-proteccion-sbb-biasca-suiza\/\">Obras de protecci\u00f3n SBB, BIASCA \u2013 SUIZA<\/a><\/div><div class=\"jet-smart-listing__post-excerpt post-excerpt-simple\">El proyecto se refiere a la realizaci\u00f3n de nuevas obras de protecci\u00f3n y la mejora de las soluciones existentes en la l\u00ednea SBB desde el...<\/div><div class=\"jet-smart-listing__more-wrap\"><a href=\"https:\/\/www.ppeng.ch\/es\/obras-de-proteccion-sbb-biasca-suiza\/\" class=\"jet-smart-listing__more simple-more elementor-button elementor-size-md\"><span class=\"jet-smart-listing__more-text\">Descubrir<\/span><\/a><\/div><\/div>\n\t\t\t\t<\/div>\n\t\t\t<\/div>\n\t\t\t\t\t\t<div class=\"jet-smart-listing__post-wrapper\">\n\t\t\t\t<div class=\"jet-smart-listing__post has-post-thumb has-thumb-postion-left\">\n\t\t\t\t\t\t\t\t\t\t<div class=\"jet-smart-listing__post-thumbnail post-thumbnail-simple\"><a href=\"https:\/\/www.ppeng.ch\/es\/nuevo-carril-de-autobuses-en-via-zorzi-bellinzona-suiza\/\"><img loading=\"lazy\" width=\"1328\" height=\"806\" src=\"https:\/\/www.ppeng.ch\/wp-content\/uploads\/2020\/10\/Nuova-corsia-bus-Via-Zorzi-Bellinzona.jpg\" class=\"jet-smart-listing__post-thumbnail-img post-thumbnail-img-simple wp-post-image\" alt=\"Nuevo carril de Autobuses en Via Zorzi, BELLINZONA \u2013 SUIZA\" decoding=\"async\" srcset=\"https:\/\/www.ppeng.ch\/wp-content\/uploads\/2020\/10\/Nuova-corsia-bus-Via-Zorzi-Bellinzona.jpg 1328w, https:\/\/www.ppeng.ch\/wp-content\/uploads\/2020\/10\/Nuova-corsia-bus-Via-Zorzi-Bellinzona-300x182.jpg 300w, https:\/\/www.ppeng.ch\/wp-content\/uploads\/2020\/10\/Nuova-corsia-bus-Via-Zorzi-Bellinzona-1024x621.jpg 1024w, https:\/\/www.ppeng.ch\/wp-content\/uploads\/2020\/10\/Nuova-corsia-bus-Via-Zorzi-Bellinzona-768x466.jpg 768w\" sizes=\"(max-width: 1328px) 100vw, 1328px\" \/><\/a><\/div>\t\t\t\t\t<div class=\"jet-smart-listing__post-content\"><div class=\"jet-smart-listing__meta\"><\/div><div class=\"jet-smart-listing__post-title post-title-simple\"><a href=\"https:\/\/www.ppeng.ch\/es\/nuevo-carril-de-autobuses-en-via-zorzi-bellinzona-suiza\/\">Nuevo carril de Autobuses en Via Zorzi, BELLINZONA \u2013 SUIZA<\/a><\/div><div class=\"jet-smart-listing__post-excerpt post-excerpt-simple\">El proyecto se refiere a la construcci\u00f3n del nuevo carril bus, ubicado en el lado derecho de Via Zorzi en Bellinzona hacia el centro, que...<\/div><div class=\"jet-smart-listing__more-wrap\"><a href=\"https:\/\/www.ppeng.ch\/es\/nuevo-carril-de-autobuses-en-via-zorzi-bellinzona-suiza\/\" class=\"jet-smart-listing__more simple-more elementor-button elementor-size-md\"><span class=\"jet-smart-listing__more-text\">Descubrir<\/span><\/a><\/div><\/div>\n\t\t\t\t<\/div>\n\t\t\t<\/div>\n\t\t\t\t\t\t<div class=\"jet-smart-listing__post-wrapper\">\n\t\t\t\t<div class=\"jet-smart-listing__post has-post-thumb has-thumb-postion-left\">\n\t\t\t\t\t\t\t\t\t\t<div class=\"jet-smart-listing__post-thumbnail post-thumbnail-simple\"><a href=\"https:\/\/www.ppeng.ch\/es\/ajustes-de-carreteras-y-ciclos-via-birreria-bellinzona-suiza\/\"><img loading=\"lazy\" width=\"1328\" height=\"806\" src=\"https:\/\/www.ppeng.ch\/wp-content\/uploads\/2020\/10\/Via-birreria.jpg\" class=\"jet-smart-listing__post-thumbnail-img post-thumbnail-img-simple wp-post-image\" alt=\"Ajustes de carreteras y ciclos, Via Birreria, BELLINZONA \u2013 SUIZA\" decoding=\"async\" srcset=\"https:\/\/www.ppeng.ch\/wp-content\/uploads\/2020\/10\/Via-birreria.jpg 1328w, https:\/\/www.ppeng.ch\/wp-content\/uploads\/2020\/10\/Via-birreria-300x182.jpg 300w, https:\/\/www.ppeng.ch\/wp-content\/uploads\/2020\/10\/Via-birreria-1024x621.jpg 1024w, https:\/\/www.ppeng.ch\/wp-content\/uploads\/2020\/10\/Via-birreria-768x466.jpg 768w\" sizes=\"(max-width: 1328px) 100vw, 1328px\" \/><\/a><\/div>\t\t\t\t\t<div class=\"jet-smart-listing__post-content\"><div class=\"jet-smart-listing__meta\"><\/div><div class=\"jet-smart-listing__post-title post-title-simple\"><a href=\"https:\/\/www.ppeng.ch\/es\/ajustes-de-carreteras-y-ciclos-via-birreria-bellinzona-suiza\/\">Ajustes de carreteras y ciclos, Via Birreria, BELLINZONA \u2013 SUIZA<\/a><\/div><div class=\"jet-smart-listing__post-excerpt post-excerpt-simple\">El proyecto se refiere a actividades de planificaci\u00f3n, ajustes de carreteras y la realizaci\u00f3n de la carretera en Via Birreria en Bellinzona. La longitud total...<\/div><div class=\"jet-smart-listing__more-wrap\"><a href=\"https:\/\/www.ppeng.ch\/es\/ajustes-de-carreteras-y-ciclos-via-birreria-bellinzona-suiza\/\" class=\"jet-smart-listing__more simple-more elementor-button elementor-size-md\"><span class=\"jet-smart-listing__more-text\">Descubrir<\/span><\/a><\/div><\/div>\n\t\t\t\t<\/div>\n\t\t\t<\/div>\n\t\t\t\t\t\t<div class=\"jet-smart-listing__post-wrapper\">\n\t\t\t\t<div class=\"jet-smart-listing__post has-post-thumb has-thumb-postion-left\">\n\t\t\t\t\t\t\t\t\t\t<div class=\"jet-smart-listing__post-thumbnail post-thumbnail-simple\"><a href=\"https:\/\/www.ppeng.ch\/es\/complejo-de-viviendas-la-fontana-bissone-suiza\/\"><img loading=\"lazy\" width=\"1328\" height=\"806\" src=\"https:\/\/www.ppeng.ch\/wp-content\/uploads\/2020\/10\/La-Fontana.jpg\" class=\"jet-smart-listing__post-thumbnail-img post-thumbnail-img-simple wp-post-image\" alt=\"Complejo de viviendas La Fontana, BISSONE \u2013 SUIZA\" decoding=\"async\" srcset=\"https:\/\/www.ppeng.ch\/wp-content\/uploads\/2020\/10\/La-Fontana.jpg 1328w, https:\/\/www.ppeng.ch\/wp-content\/uploads\/2020\/10\/La-Fontana-300x182.jpg 300w, https:\/\/www.ppeng.ch\/wp-content\/uploads\/2020\/10\/La-Fontana-1024x621.jpg 1024w, https:\/\/www.ppeng.ch\/wp-content\/uploads\/2020\/10\/La-Fontana-768x466.jpg 768w\" sizes=\"(max-width: 1328px) 100vw, 1328px\" \/><\/a><\/div>\t\t\t\t\t<div class=\"jet-smart-listing__post-content\"><div class=\"jet-smart-listing__meta\"><\/div><div class=\"jet-smart-listing__post-title post-title-simple\"><a href=\"https:\/\/www.ppeng.ch\/es\/complejo-de-viviendas-la-fontana-bissone-suiza\/\">Complejo de viviendas La Fontana, BISSONE \u2013 SUIZA<\/a><\/div><div class=\"jet-smart-listing__post-excerpt post-excerpt-simple\">El proyecto consiste en la realizaci\u00f3n de 2 edificios con 10 viviendas de diferentes tama\u00f1os y un aparcamiento subterr\u00e1neo; el volumen total es 5600 m3....<\/div><div class=\"jet-smart-listing__more-wrap\"><a href=\"https:\/\/www.ppeng.ch\/es\/complejo-de-viviendas-la-fontana-bissone-suiza\/\" class=\"jet-smart-listing__more simple-more elementor-button elementor-size-md\"><span class=\"jet-smart-listing__more-text\">Descubrir<\/span><\/a><\/div><\/div>\n\t\t\t\t<\/div>\n\t\t\t<\/div>\n\t\t\t\t\t\t<div class=\"jet-smart-listing__post-wrapper\">\n\t\t\t\t<div class=\"jet-smart-listing__post has-post-thumb has-thumb-postion-left\">\n\t\t\t\t\t\t\t\t\t\t<div class=\"jet-smart-listing__post-thumbnail post-thumbnail-simple\"><a href=\"https:\/\/www.ppeng.ch\/es\/atg-l609-zona-de-eliminacion-de-buzza-biasca-suiza\/\"><img loading=\"lazy\" width=\"1328\" height=\"806\" src=\"https:\/\/www.ppeng.ch\/wp-content\/uploads\/2020\/10\/Lotto-609-ATG-ita.jpg\" class=\"jet-smart-listing__post-thumbnail-img post-thumbnail-img-simple wp-post-image\" alt=\"ATG \u2013 L609 Zona de eliminaci\u00f3n de buzza, BIASCA \u2013 SUIZA\" decoding=\"async\" srcset=\"https:\/\/www.ppeng.ch\/wp-content\/uploads\/2020\/10\/Lotto-609-ATG-ita.jpg 1328w, https:\/\/www.ppeng.ch\/wp-content\/uploads\/2020\/10\/Lotto-609-ATG-ita-300x182.jpg 300w, https:\/\/www.ppeng.ch\/wp-content\/uploads\/2020\/10\/Lotto-609-ATG-ita-1024x621.jpg 1024w, https:\/\/www.ppeng.ch\/wp-content\/uploads\/2020\/10\/Lotto-609-ATG-ita-768x466.jpg 768w\" sizes=\"(max-width: 1328px) 100vw, 1328px\" \/><\/a><\/div>\t\t\t\t\t<div class=\"jet-smart-listing__post-content\"><div class=\"jet-smart-listing__meta\"><\/div><div class=\"jet-smart-listing__post-title post-title-simple\"><a href=\"https:\/\/www.ppeng.ch\/es\/atg-l609-zona-de-eliminacion-de-buzza-biasca-suiza\/\">ATG \u2013 L609 Zona de eliminaci\u00f3n de buzza, BIASCA \u2013 SUIZA<\/a><\/div><div class=\"jet-smart-listing__post-excerpt post-excerpt-simple\">El proyecto se refiere a uno de los lotes de la nueva l\u00ednea ferroviaria ATG en Biasca y la realizaci\u00f3n de la zona de disposici\u00f3n...<\/div><div class=\"jet-smart-listing__more-wrap\"><a href=\"https:\/\/www.ppeng.ch\/es\/atg-l609-zona-de-eliminacion-de-buzza-biasca-suiza\/\" class=\"jet-smart-listing__more simple-more elementor-button elementor-size-md\"><span class=\"jet-smart-listing__more-text\">Descubrir<\/span><\/a><\/div><\/div>\n\t\t\t\t<\/div>\n\t\t\t<\/div>\n\t\t\t<\/div>\n<\/div>\n\t<div class=\"jet-smart-listing__arrows\"><div class=\"jet-smart-listing__arrow jet-arrow-prev jet-arrow-disabled\" data-dir=\"prev\"><svg width=\"24\" height=\"24\" viewBox=\"0 0 24 24\" fill=\"none\" xmlns=\"http:\/\/www.w3.org\/2000\/svg\"><path d=\"M16.4 1.4499L18.4 3.4749L9.82502 12.0499L18.4 20.6249L16.4 22.6499L5.80002 12.0499L16.4 1.4499Z\" fill=\"#0F172A\"\/><\/svg><\/div><div class=\"jet-smart-listing__arrow jet-arrow-next jet-arrow-disabled\" data-dir=\"next\"><svg width=\"24\" height=\"24\" viewBox=\"0 0 24 24\" fill=\"none\" xmlns=\"http:\/\/www.w3.org\/2000\/svg\"><path d=\"M7.59998 22.5501L5.59998 20.5251L14.175 11.9501L5.59998 3.3751L7.59998 1.3501L18.2 11.9501L7.59998 22.5501Z\" fill=\"#0F172A\"\/><\/svg><\/div><\/div><\/div>\n<div class=\"jet-smart-listing-loading\"><\/div><\/div>\t\t<\/div>\n\t\t\t\t<\/div>\n\t\t\t\t\t<\/div>\n\t\t<\/div>\n\t\t\t\t\t\t\t<\/div>\n\t\t<\/section>\n\t\t\t\t\t\t\t<\/div>\n\t\t","protected":false},"excerpt":{"rendered":"<p>Geotecnia Planificaci\u00f3n, inspecci\u00f3n, estudios preliminares y realizaci\u00f3n de muros de contenci\u00f3n, cimientos especiales, trabajos de protecci\u00f3n y contenci\u00f3n. Carreteras Ferrocarriles Puentes T\u00faneles Edificios Ingenier\u00eda Hidr\u00e1ulica Geotecnia BIM Obras de protecci\u00f3n SBB, BIASCA \u2013 SUIZAEl proyecto se refiere a la realizaci\u00f3n de nuevas obras de protecci\u00f3n y la mejora de las soluciones existentes en la l\u00ednea [&hellip;]<\/p>\n","protected":false},"author":1,"featured_media":0,"parent":0,"menu_order":0,"comment_status":"closed","ping_status":"closed","template":"elementor_header_footer","meta":{"footnotes":""},"acf":[],"_links":{"self":[{"href":"https:\/\/www.ppeng.ch\/es\/wp-json\/wp\/v2\/pages\/4610"}],"collection":[{"href":"https:\/\/www.ppeng.ch\/es\/wp-json\/wp\/v2\/pages"}],"about":[{"href":"https:\/\/www.ppeng.ch\/es\/wp-json\/wp\/v2\/types\/page"}],"author":[{"embeddable":true,"href":"https:\/\/www.ppeng.ch\/es\/wp-json\/wp\/v2\/users\/1"}],"replies":[{"embeddable":true,"href":"https:\/\/www.ppeng.ch\/es\/wp-json\/wp\/v2\/comments?post=4610"}],"version-history":[{"count":3,"href":"https:\/\/www.ppeng.ch\/es\/wp-json\/wp\/v2\/pages\/4610\/revisions"}],"predecessor-version":[{"id":6897,"href":"https:\/\/www.ppeng.ch\/es\/wp-json\/wp\/v2\/pages\/4610\/revisions\/6897"}],"wp:attachment":[{"href":"https:\/\/www.ppeng.ch\/es\/wp-json\/wp\/v2\/media?parent=4610"}],"curies":[{"name":"wp","href":"https:\/\/api.w.org\/{rel}","templated":true}]}}