{"id":4614,"date":"2020-09-01T16:50:53","date_gmt":"2020-09-01T16:50:53","guid":{"rendered":"https:\/\/www.ppeng.ch\/referencias-puentes\/"},"modified":"2020-11-14T09:26:32","modified_gmt":"2020-11-14T09:26:32","slug":"referencias-puentes","status":"publish","type":"page","link":"https:\/\/www.ppeng.ch\/es\/referencias-puentes\/","title":{"rendered":"Referencias-Puentes"},"content":{"rendered":"\t\t<div data-elementor-type=\"wp-page\" data-elementor-id=\"4614\" class=\"elementor elementor-4614 elementor-3343\" data-elementor-post-type=\"page\">\n\t\t\t\t\t\t\t\t\t<section class=\"elementor-section elementor-top-section elementor-element elementor-element-3de5b23c elementor-section-boxed elementor-section-height-default elementor-section-height-default\" data-id=\"3de5b23c\" data-element_type=\"section\">\n\t\t\t\t\t\t<div class=\"elementor-container elementor-column-gap-default\">\n\t\t\t\t\t<div class=\"elementor-column elementor-col-50 elementor-top-column elementor-element elementor-element-5db5bbd3 elementor-invisible\" data-id=\"5db5bbd3\" data-element_type=\"column\" data-settings=\"{&quot;animation&quot;:&quot;fadeIn&quot;}\">\n\t\t\t<div class=\"elementor-widget-wrap elementor-element-populated\">\n\t\t\t\t\t\t\t\t<div class=\"elementor-element elementor-element-71b94054 elementor-widget elementor-widget-heading\" data-id=\"71b94054\" data-element_type=\"widget\" data-widget_type=\"heading.default\">\n\t\t\t\t<div class=\"elementor-widget-container\">\n\t\t\t<h1 class=\"elementor-heading-title elementor-size-default\">Puentes<\/h1>\t\t<\/div>\n\t\t\t\t<\/div>\n\t\t\t\t\t<\/div>\n\t\t<\/div>\n\t\t\t\t<div class=\"elementor-column elementor-col-50 elementor-top-column elementor-element elementor-element-59bf2eba elementor-invisible\" data-id=\"59bf2eba\" data-element_type=\"column\" data-settings=\"{&quot;animation&quot;:&quot;fadeIn&quot;}\">\n\t\t\t<div class=\"elementor-widget-wrap elementor-element-populated\">\n\t\t\t\t\t\t\t\t<div class=\"elementor-element elementor-element-36896a78 elementor-widget elementor-widget-text-editor\" data-id=\"36896a78\" data-element_type=\"widget\" data-widget_type=\"text-editor.default\">\n\t\t\t\t<div class=\"elementor-widget-container\">\n\t\t\t\t\t\t\t<p>Puentes, viaductos, pasos elevados y pasos subterr\u00e1neos son algunas de las infraestructuras de carreteras que estamos dedicados a intervenir con inspecciones peri\u00f3dicas oportunas, proyectos de mantenimiento y renovaci\u00f3n.<\/p>\n\t\t\t\t\t\t<\/div>\n\t\t\t\t<\/div>\n\t\t\t\t\t<\/div>\n\t\t<\/div>\n\t\t\t\t\t\t\t<\/div>\n\t\t<\/section>\n\t\t\t\t<section class=\"elementor-section elementor-top-section elementor-element elementor-element-48fe22f elementor-section-boxed elementor-section-height-default elementor-section-height-default\" data-id=\"48fe22f\" data-element_type=\"section\">\n\t\t\t\t\t\t<div class=\"elementor-container elementor-column-gap-default\">\n\t\t\t\t\t<div class=\"elementor-column elementor-col-100 elementor-top-column elementor-element elementor-element-32d3a94\" data-id=\"32d3a94\" data-element_type=\"column\">\n\t\t\t<div class=\"elementor-widget-wrap elementor-element-populated\">\n\t\t\t\t\t\t\t\t<div class=\"elementor-element elementor-element-0cdff00 elementor-icon-list--layout-inline elementor-align-center elementor-mobile-align-center elementor-list-item-link-full_width elementor-widget elementor-widget-global elementor-global-6800 elementor-widget-icon-list\" data-id=\"0cdff00\" data-element_type=\"widget\" data-widget_type=\"icon-list.default\">\n\t\t\t\t<div class=\"elementor-widget-container\">\n\t\t\t\t\t<ul class=\"elementor-icon-list-items elementor-inline-items\">\n\t\t\t\t\t\t\t<li class=\"elementor-icon-list-item elementor-inline-item\">\n\t\t\t\t\t\t\t\t\t\t\t<a href=\"https:\/\/www.ppeng.ch\/es\/referencias\/\">\n\n\t\t\t\t\t\t\t\t\t\t\t\t<span class=\"elementor-icon-list-icon\">\n\t\t\t\t\t\t\t<i aria-hidden=\"true\" class=\"fas fa-home\"><\/i>\t\t\t\t\t\t<\/span>\n\t\t\t\t\t\t\t\t\t\t<span class=\"elementor-icon-list-text\"><\/span>\n\t\t\t\t\t\t\t\t\t\t\t<\/a>\n\t\t\t\t\t\t\t\t\t<\/li>\n\t\t\t\t\t\t\t\t<li class=\"elementor-icon-list-item elementor-inline-item\">\n\t\t\t\t\t\t\t\t\t\t\t<a href=\"https:\/\/www.ppeng.ch\/es\/referencias-carreteras\/\">\n\n\t\t\t\t\t\t\t\t\t\t\t<span class=\"elementor-icon-list-text\">Carreteras<\/span>\n\t\t\t\t\t\t\t\t\t\t\t<\/a>\n\t\t\t\t\t\t\t\t\t<\/li>\n\t\t\t\t\t\t\t\t<li class=\"elementor-icon-list-item elementor-inline-item\">\n\t\t\t\t\t\t\t\t\t\t\t<a href=\"https:\/\/www.ppeng.ch\/es\/referencias-ferrocarriles\/\">\n\n\t\t\t\t\t\t\t\t\t\t\t<span class=\"elementor-icon-list-text\">Ferrocarriles<\/span>\n\t\t\t\t\t\t\t\t\t\t\t<\/a>\n\t\t\t\t\t\t\t\t\t<\/li>\n\t\t\t\t\t\t\t\t<li class=\"elementor-icon-list-item elementor-inline-item\">\n\t\t\t\t\t\t\t\t\t\t\t<a href=\"https:\/\/www.ppeng.ch\/es\/referencias-puentes\/\">\n\n\t\t\t\t\t\t\t\t\t\t\t<span class=\"elementor-icon-list-text\">Puentes<\/span>\n\t\t\t\t\t\t\t\t\t\t\t<\/a>\n\t\t\t\t\t\t\t\t\t<\/li>\n\t\t\t\t\t\t\t\t<li class=\"elementor-icon-list-item elementor-inline-item\">\n\t\t\t\t\t\t\t\t\t\t\t<a href=\"https:\/\/www.ppeng.ch\/es\/referencias-tuneles\/\">\n\n\t\t\t\t\t\t\t\t\t\t\t<span class=\"elementor-icon-list-text\">T\u00faneles<\/span>\n\t\t\t\t\t\t\t\t\t\t\t<\/a>\n\t\t\t\t\t\t\t\t\t<\/li>\n\t\t\t\t\t\t\t\t<li class=\"elementor-icon-list-item elementor-inline-item\">\n\t\t\t\t\t\t\t\t\t\t\t<a href=\"https:\/\/www.ppeng.ch\/es\/referencias-edificios\/\">\n\n\t\t\t\t\t\t\t\t\t\t\t<span class=\"elementor-icon-list-text\">Edificios<\/span>\n\t\t\t\t\t\t\t\t\t\t\t<\/a>\n\t\t\t\t\t\t\t\t\t<\/li>\n\t\t\t\t\t\t\t\t<li class=\"elementor-icon-list-item elementor-inline-item\">\n\t\t\t\t\t\t\t\t\t\t\t<a href=\"https:\/\/www.ppeng.ch\/es\/referencias-ingenieria-hidraulica\/\">\n\n\t\t\t\t\t\t\t\t\t\t\t<span class=\"elementor-icon-list-text\">Ingenier\u00eda Hidr\u00e1ulica<\/span>\n\t\t\t\t\t\t\t\t\t\t\t<\/a>\n\t\t\t\t\t\t\t\t\t<\/li>\n\t\t\t\t\t\t\t\t<li class=\"elementor-icon-list-item elementor-inline-item\">\n\t\t\t\t\t\t\t\t\t\t\t<a href=\"https:\/\/www.ppeng.ch\/es\/referencias-geotecnia\/\">\n\n\t\t\t\t\t\t\t\t\t\t\t<span class=\"elementor-icon-list-text\">Geotecnia<\/span>\n\t\t\t\t\t\t\t\t\t\t\t<\/a>\n\t\t\t\t\t\t\t\t\t<\/li>\n\t\t\t\t\t\t\t\t<li class=\"elementor-icon-list-item elementor-inline-item\">\n\t\t\t\t\t\t\t\t\t\t\t<a href=\"https:\/\/www.ppeng.ch\/es\/referencias-bim\/\">\n\n\t\t\t\t\t\t\t\t\t\t\t<span class=\"elementor-icon-list-text\">BIM<\/span>\n\t\t\t\t\t\t\t\t\t\t\t<\/a>\n\t\t\t\t\t\t\t\t\t<\/li>\n\t\t\t\t\t\t<\/ul>\n\t\t\t\t<\/div>\n\t\t\t\t<\/div>\n\t\t\t\t\t<\/div>\n\t\t<\/div>\n\t\t\t\t\t\t\t<\/div>\n\t\t<\/section>\n\t\t\t\t<section class=\"elementor-section elementor-top-section elementor-element elementor-element-44e5cecb elementor-section-boxed elementor-section-height-default elementor-section-height-default\" data-id=\"44e5cecb\" data-element_type=\"section\">\n\t\t\t\t\t\t<div class=\"elementor-container elementor-column-gap-default\">\n\t\t\t\t\t<div class=\"elementor-column elementor-col-100 elementor-top-column elementor-element elementor-element-6e6216b7\" data-id=\"6e6216b7\" data-element_type=\"column\">\n\t\t\t<div class=\"elementor-widget-wrap elementor-element-populated\">\n\t\t\t\t\t\t\t\t<div class=\"elementor-element elementor-element-44f18d9a elementor-widget elementor-widget-jet-blog-smart-listing\" data-id=\"44f18d9a\" data-element_type=\"widget\" data-widget_type=\"jet-blog-smart-listing.default\">\n\t\t\t\t<div class=\"elementor-widget-container\">\n\t\t\t<div class=\"elementor-jet-blog-smart-listing jet-blog\"><div class=\"jet-smart-listing-wrap\" data-settings='{&quot;block_title&quot;:&quot;&quot;,&quot;title_tag&quot;:&quot;h2&quot;,&quot;featured_post&quot;:&quot;&quot;,&quot;featured_position&quot;:null,&quot;featured_width&quot;:null,&quot;featured_layout&quot;:null,&quot;featured_image_size&quot;:null,&quot;featured_image_position&quot;:null,&quot;featured_image_width&quot;:null,&quot;featured_excerpt_length&quot;:null,&quot;featured_excerpt_trimmed_ending&quot;:null,&quot;featured_read_more&quot;:null,&quot;featured_read_more_text&quot;:null,&quot;featured_show_meta&quot;:null,&quot;featured_show_author&quot;:null,&quot;featured_show_author_icon&quot;:null,&quot;selected_featured_show_author_icon&quot;:null,&quot;featured_show_date&quot;:null,&quot;featured_show_date_icon&quot;:null,&quot;selected_featured_show_date_icon&quot;:null,&quot;featured_show_comments&quot;:null,&quot;featured_show_comments_icon&quot;:null,&quot;selected_featured_show_comments_icon&quot;:null,&quot;posts_columns_widescreen&quot;:null,&quot;posts_columns&quot;:&quot;1&quot;,&quot;posts_columns_laptop&quot;:null,&quot;posts_columns_tablet_extra&quot;:null,&quot;posts_columns_tablet&quot;:null,&quot;posts_columns_mobile_extra&quot;:null,&quot;posts_columns_mobile&quot;:&quot;1&quot;,&quot;posts_rows_widescreen&quot;:null,&quot;posts_rows&quot;:&quot;6&quot;,&quot;posts_rows_laptop&quot;:null,&quot;posts_rows_tablet_extra&quot;:null,&quot;posts_rows_tablet&quot;:null,&quot;posts_rows_mobile_extra&quot;:null,&quot;posts_rows_mobile&quot;:null,&quot;image_size&quot;:&quot;full&quot;,&quot;image_position&quot;:&quot;left&quot;,&quot;image_width&quot;:{&quot;unit&quot;:&quot;%&quot;,&quot;size&quot;:26,&quot;sizes&quot;:[]},&quot;excerpt_length&quot;:15,&quot;excerpt_trimmed_ending&quot;:&quot;...&quot;,&quot;read_more&quot;:&quot;yes&quot;,&quot;read_more_text&quot;:&quot;Descubrir&quot;,&quot;show_meta&quot;:&quot;yes&quot;,&quot;show_author&quot;:&quot;&quot;,&quot;show_author_icon&quot;:null,&quot;selected_show_author_icon&quot;:null,&quot;show_date&quot;:&quot;&quot;,&quot;show_date_icon&quot;:&quot;&quot;,&quot;selected_show_date_icon&quot;:null,&quot;show_comments&quot;:&quot;&quot;,&quot;show_comments_icon&quot;:null,&quot;selected_show_comments_icon&quot;:null,&quot;query_by&quot;:&quot;category&quot;,&quot;category_ids&quot;:[&quot;12&quot;],&quot;post_tag_ids&quot;:null,&quot;include_ids&quot;:null,&quot;exclude_ids&quot;:&quot;&quot;,&quot;custom_query_by&quot;:null,&quot;custom_terms_ids&quot;:null,&quot;meta_query&quot;:&quot;&quot;,&quot;meta_key&quot;:null,&quot;meta_value&quot;:null,&quot;show_filter&quot;:&quot;&quot;,&quot;filter_by&quot;:null,&quot;show_all_btn&quot;:null,&quot;all_btn_label&quot;:null,&quot;more_terms_icon&quot;:null,&quot;selected_more_terms_icon&quot;:null,&quot;show_arrows&quot;:&quot;yes&quot;,&quot;arrow_type&quot;:&quot;fa fa-chevron-left&quot;,&quot;show_featured_terms&quot;:null,&quot;show_featured_terms_tax&quot;:null,&quot;show_terms&quot;:&quot;&quot;,&quot;show_terms_tax&quot;:null,&quot;featured_meta_position&quot;:null,&quot;meta_position&quot;:&quot;before&quot;,&quot;show_image&quot;:&quot;yes&quot;,&quot;post_type&quot;:&quot;post&quot;,&quot;post_ids&quot;:null,&quot;content_related_meta&quot;:null,&quot;show_content_related_meta&quot;:&quot;&quot;,&quot;meta_content_related_position&quot;:null,&quot;title_related_meta&quot;:null,&quot;show_title_related_meta&quot;:&quot;&quot;,&quot;meta_title_related_position&quot;:null,&quot;featured_title_length&quot;:null,&quot;title_length&quot;:0,&quot;add_button_icon&quot;:&quot;&quot;,&quot;button_icon&quot;:null,&quot;selected_button_icon&quot;:null,&quot;post_add_button_icon&quot;:&quot;&quot;,&quot;post_button_icon&quot;:null,&quot;selected_post_button_icon&quot;:null,&quot;use_custom_query&quot;:&quot;&quot;,&quot;custom_query&quot;:null,&quot;posts_offset&quot;:0,&quot;order&quot;:&quot;DESC&quot;,&quot;order_by&quot;:&quot;date&quot;,&quot;is_archive_template&quot;:&quot;&quot;}' data-page=\"1\" data-term=\"0\" data-scroll-top=1>\n\t<div class=\"jet-smart-listing__heading\"><span class=\"jet-smart-listing__title-placeholder\"><\/span><\/div>\n\t<div class=\"jet-smart-listing rows-6 no-featured\"><div class=\"jet-smart-listing__posts\">\n\t\t\t\t<div class=\"jet-smart-listing__post-wrapper\">\n\t\t\t\t<div class=\"jet-smart-listing__post has-post-thumb has-thumb-postion-left\">\n\t\t\t\t\t\t\t\t\t\t<div class=\"jet-smart-listing__post-thumbnail post-thumbnail-simple\"><a href=\"https:\/\/www.ppeng.ch\/es\/atg-l626-desviacion-y-reubicacion-del-rio-froda-biasca-suiza\/\"><img loading=\"lazy\" width=\"1328\" height=\"806\" src=\"https:\/\/www.ppeng.ch\/wp-content\/uploads\/2020\/10\/Ponte-Ferroviario-sul-riale-Froda-Biasca.jpg\" class=\"jet-smart-listing__post-thumbnail-img post-thumbnail-img-simple wp-post-image\" alt=\"ATG \u2013 L626 Puente sobre el r\u00edo Froda, BIASCA \u2013 SUIZA\" decoding=\"async\" srcset=\"https:\/\/www.ppeng.ch\/wp-content\/uploads\/2020\/10\/Ponte-Ferroviario-sul-riale-Froda-Biasca.jpg 1328w, https:\/\/www.ppeng.ch\/wp-content\/uploads\/2020\/10\/Ponte-Ferroviario-sul-riale-Froda-Biasca-300x182.jpg 300w, https:\/\/www.ppeng.ch\/wp-content\/uploads\/2020\/10\/Ponte-Ferroviario-sul-riale-Froda-Biasca-1024x621.jpg 1024w, https:\/\/www.ppeng.ch\/wp-content\/uploads\/2020\/10\/Ponte-Ferroviario-sul-riale-Froda-Biasca-768x466.jpg 768w\" sizes=\"(max-width: 1328px) 100vw, 1328px\" \/><\/a><\/div>\t\t\t\t\t<div class=\"jet-smart-listing__post-content\"><div class=\"jet-smart-listing__meta\"><\/div><div class=\"jet-smart-listing__post-title post-title-simple\"><a href=\"https:\/\/www.ppeng.ch\/es\/atg-l626-desviacion-y-reubicacion-del-rio-froda-biasca-suiza\/\">ATG \u2013 L626 Puente sobre el r\u00edo Froda, BIASCA \u2013 SUIZA<\/a><\/div><div class=\"jet-smart-listing__post-excerpt post-excerpt-simple\">En lo que respecta al intercambio Giustizia (lote 626) de la nueva l\u00ednea de ferrocarril...<\/div><div class=\"jet-smart-listing__more-wrap\"><a href=\"https:\/\/www.ppeng.ch\/es\/atg-l626-desviacion-y-reubicacion-del-rio-froda-biasca-suiza\/\" class=\"jet-smart-listing__more simple-more elementor-button elementor-size-md\"><span class=\"jet-smart-listing__more-text\">Descubrir<\/span><\/a><\/div><\/div>\n\t\t\t\t<\/div>\n\t\t\t<\/div>\n\t\t\t\t\t\t<div class=\"jet-smart-listing__post-wrapper\">\n\t\t\t\t<div class=\"jet-smart-listing__post has-post-thumb has-thumb-postion-left\">\n\t\t\t\t\t\t\t\t\t\t<div class=\"jet-smart-listing__post-thumbnail post-thumbnail-simple\"><a href=\"https:\/\/www.ppeng.ch\/es\/principales-inspecciones-fabricada-ofrou-1-suiza\/\"><img loading=\"lazy\" width=\"1328\" height=\"806\" src=\"https:\/\/www.ppeng.ch\/wp-content\/uploads\/2020\/10\/Ispezione-Estavayer-le-lac-Lotto-2.jpg\" class=\"jet-smart-listing__post-thumbnail-img post-thumbnail-img-simple wp-post-image\" alt=\"Principales inspecciones fabricada, OFROU 1 \u2013 SUIZA\" decoding=\"async\" srcset=\"https:\/\/www.ppeng.ch\/wp-content\/uploads\/2020\/10\/Ispezione-Estavayer-le-lac-Lotto-2.jpg 1328w, https:\/\/www.ppeng.ch\/wp-content\/uploads\/2020\/10\/Ispezione-Estavayer-le-lac-Lotto-2-300x182.jpg 300w, https:\/\/www.ppeng.ch\/wp-content\/uploads\/2020\/10\/Ispezione-Estavayer-le-lac-Lotto-2-1024x621.jpg 1024w, https:\/\/www.ppeng.ch\/wp-content\/uploads\/2020\/10\/Ispezione-Estavayer-le-lac-Lotto-2-768x466.jpg 768w\" sizes=\"(max-width: 1328px) 100vw, 1328px\" \/><\/a><\/div>\t\t\t\t\t<div class=\"jet-smart-listing__post-content\"><div class=\"jet-smart-listing__meta\"><\/div><div class=\"jet-smart-listing__post-title post-title-simple\"><a href=\"https:\/\/www.ppeng.ch\/es\/principales-inspecciones-fabricada-ofrou-1-suiza\/\">Principales inspecciones fabricada, OFROU 1 \u2013 SUIZA<\/a><\/div><div class=\"jet-smart-listing__post-excerpt post-excerpt-simple\">El proyecto consiste en la planificaci\u00f3n y realizaci\u00f3n de inspecciones visuales de 817 construcciones de...<\/div><div class=\"jet-smart-listing__more-wrap\"><a href=\"https:\/\/www.ppeng.ch\/es\/principales-inspecciones-fabricada-ofrou-1-suiza\/\" class=\"jet-smart-listing__more simple-more elementor-button elementor-size-md\"><span class=\"jet-smart-listing__more-text\">Descubrir<\/span><\/a><\/div><\/div>\n\t\t\t\t<\/div>\n\t\t\t<\/div>\n\t\t\t\t\t\t<div class=\"jet-smart-listing__post-wrapper\">\n\t\t\t\t<div class=\"jet-smart-listing__post has-post-thumb has-thumb-postion-left\">\n\t\t\t\t\t\t\t\t\t\t<div class=\"jet-smart-listing__post-thumbnail post-thumbnail-simple\"><a href=\"https:\/\/www.ppeng.ch\/es\/n9-vennes-villeneuves-suiza\/\"><img loading=\"lazy\" width=\"1328\" height=\"806\" src=\"https:\/\/www.ppeng.ch\/wp-content\/uploads\/2020\/10\/Vennes-Villeneuves.jpg\" class=\"jet-smart-listing__post-thumbnail-img post-thumbnail-img-simple wp-post-image\" alt=\"N9 VENNES &#8211; VILLENEUVES \u2013 SUIZA\" decoding=\"async\" srcset=\"https:\/\/www.ppeng.ch\/wp-content\/uploads\/2020\/10\/Vennes-Villeneuves.jpg 1328w, https:\/\/www.ppeng.ch\/wp-content\/uploads\/2020\/10\/Vennes-Villeneuves-300x182.jpg 300w, https:\/\/www.ppeng.ch\/wp-content\/uploads\/2020\/10\/Vennes-Villeneuves-1024x621.jpg 1024w, https:\/\/www.ppeng.ch\/wp-content\/uploads\/2020\/10\/Vennes-Villeneuves-768x466.jpg 768w\" sizes=\"(max-width: 1328px) 100vw, 1328px\" \/><\/a><\/div>\t\t\t\t\t<div class=\"jet-smart-listing__post-content\"><div class=\"jet-smart-listing__meta\"><\/div><div class=\"jet-smart-listing__post-title post-title-simple\"><a href=\"https:\/\/www.ppeng.ch\/es\/n9-vennes-villeneuves-suiza\/\">N9 VENNES &#8211; VILLENEUVES \u2013 SUIZA<\/a><\/div><div class=\"jet-smart-listing__post-excerpt post-excerpt-simple\">El proyecto se refiere al trazado de la autopista N9 entre Vennes y Villeneuve, desde...<\/div><div class=\"jet-smart-listing__more-wrap\"><a href=\"https:\/\/www.ppeng.ch\/es\/n9-vennes-villeneuves-suiza\/\" class=\"jet-smart-listing__more simple-more elementor-button elementor-size-md\"><span class=\"jet-smart-listing__more-text\">Descubrir<\/span><\/a><\/div><\/div>\n\t\t\t\t<\/div>\n\t\t\t<\/div>\n\t\t\t\t\t\t<div class=\"jet-smart-listing__post-wrapper\">\n\t\t\t\t<div class=\"jet-smart-listing__post has-post-thumb has-thumb-postion-left\">\n\t\t\t\t\t\t\t\t\t\t<div class=\"jet-smart-listing__post-thumbnail post-thumbnail-simple\"><a href=\"https:\/\/www.ppeng.ch\/es\/puente-sobre-el-rio-ticino-bellinzona-suiza\/\"><img loading=\"lazy\" width=\"1328\" height=\"806\" src=\"https:\/\/www.ppeng.ch\/wp-content\/uploads\/2020\/09\/ponte-sul-fiume-ticino.jpg\" class=\"jet-smart-listing__post-thumbnail-img post-thumbnail-img-simple wp-post-image\" alt=\"Puente sobre el r\u00edo Ticino, BELLINZONA \u2013 SUIZA\" decoding=\"async\" srcset=\"https:\/\/www.ppeng.ch\/wp-content\/uploads\/2020\/09\/ponte-sul-fiume-ticino.jpg 1328w, https:\/\/www.ppeng.ch\/wp-content\/uploads\/2020\/09\/ponte-sul-fiume-ticino-300x182.jpg 300w, https:\/\/www.ppeng.ch\/wp-content\/uploads\/2020\/09\/ponte-sul-fiume-ticino-1024x621.jpg 1024w, https:\/\/www.ppeng.ch\/wp-content\/uploads\/2020\/09\/ponte-sul-fiume-ticino-768x466.jpg 768w\" sizes=\"(max-width: 1328px) 100vw, 1328px\" \/><\/a><\/div>\t\t\t\t\t<div class=\"jet-smart-listing__post-content\"><div class=\"jet-smart-listing__meta\"><\/div><div class=\"jet-smart-listing__post-title post-title-simple\"><a href=\"https:\/\/www.ppeng.ch\/es\/puente-sobre-el-rio-ticino-bellinzona-suiza\/\">Puente sobre el r\u00edo Ticino, BELLINZONA \u2013 SUIZA<\/a><\/div><div class=\"jet-smart-listing__post-excerpt post-excerpt-simple\">El nuevo puente vial conecta los dos distritos de Bellinzona, Sementina y Giubiasco. Un tramo...<\/div><div class=\"jet-smart-listing__more-wrap\"><a href=\"https:\/\/www.ppeng.ch\/es\/puente-sobre-el-rio-ticino-bellinzona-suiza\/\" class=\"jet-smart-listing__more simple-more elementor-button elementor-size-md\"><span class=\"jet-smart-listing__more-text\">Descubrir<\/span><\/a><\/div><\/div>\n\t\t\t\t<\/div>\n\t\t\t<\/div>\n\t\t\t\t\t\t<div class=\"jet-smart-listing__post-wrapper\">\n\t\t\t\t<div class=\"jet-smart-listing__post has-post-thumb has-thumb-postion-left\">\n\t\t\t\t\t\t\t\t\t\t<div class=\"jet-smart-listing__post-thumbnail post-thumbnail-simple\"><a href=\"https:\/\/www.ppeng.ch\/es\/n13-ep18-puente-moesa-roveredo-suiza\/\"><img loading=\"lazy\" width=\"1328\" height=\"806\" src=\"https:\/\/www.ppeng.ch\/wp-content\/uploads\/2020\/09\/ponte-moesa.jpg\" class=\"jet-smart-listing__post-thumbnail-img post-thumbnail-img-simple wp-post-image\" alt=\"N13 EP18 Puente Moesa, ROVEREDO \u2013 SUIZA\" decoding=\"async\" srcset=\"https:\/\/www.ppeng.ch\/wp-content\/uploads\/2020\/09\/ponte-moesa.jpg 1328w, https:\/\/www.ppeng.ch\/wp-content\/uploads\/2020\/09\/ponte-moesa-300x182.jpg 300w, https:\/\/www.ppeng.ch\/wp-content\/uploads\/2020\/09\/ponte-moesa-1024x621.jpg 1024w, https:\/\/www.ppeng.ch\/wp-content\/uploads\/2020\/09\/ponte-moesa-768x466.jpg 768w\" sizes=\"(max-width: 1328px) 100vw, 1328px\" \/><\/a><\/div>\t\t\t\t\t<div class=\"jet-smart-listing__post-content\"><div class=\"jet-smart-listing__meta\"><\/div><div class=\"jet-smart-listing__post-title post-title-simple\"><a href=\"https:\/\/www.ppeng.ch\/es\/n13-ep18-puente-moesa-roveredo-suiza\/\">N13 EP18 Puente Moesa, ROVEREDO \u2013 SUIZA<\/a><\/div><div class=\"jet-smart-listing__post-excerpt post-excerpt-simple\">El nuevo puente de Moesa se enmarca dentro del proyecto relativo a la nueva circunvalaci\u00f3n...<\/div><div class=\"jet-smart-listing__more-wrap\"><a href=\"https:\/\/www.ppeng.ch\/es\/n13-ep18-puente-moesa-roveredo-suiza\/\" class=\"jet-smart-listing__more simple-more elementor-button elementor-size-md\"><span class=\"jet-smart-listing__more-text\">Descubrir<\/span><\/a><\/div><\/div>\n\t\t\t\t<\/div>\n\t\t\t<\/div>\n\t\t\t<\/div>\n<\/div>\n\t<div class=\"jet-smart-listing__arrows\"><div class=\"jet-smart-listing__arrow jet-arrow-prev jet-arrow-disabled\" data-dir=\"prev\"><svg width=\"24\" height=\"24\" viewBox=\"0 0 24 24\" fill=\"none\" xmlns=\"http:\/\/www.w3.org\/2000\/svg\"><path d=\"M16.4 1.4499L18.4 3.4749L9.82502 12.0499L18.4 20.6249L16.4 22.6499L5.80002 12.0499L16.4 1.4499Z\" fill=\"#0F172A\"\/><\/svg><\/div><div class=\"jet-smart-listing__arrow jet-arrow-next jet-arrow-disabled\" data-dir=\"next\"><svg width=\"24\" height=\"24\" viewBox=\"0 0 24 24\" fill=\"none\" xmlns=\"http:\/\/www.w3.org\/2000\/svg\"><path d=\"M7.59998 22.5501L5.59998 20.5251L14.175 11.9501L5.59998 3.3751L7.59998 1.3501L18.2 11.9501L7.59998 22.5501Z\" fill=\"#0F172A\"\/><\/svg><\/div><\/div><\/div>\n<div class=\"jet-smart-listing-loading\"><\/div><\/div>\t\t<\/div>\n\t\t\t\t<\/div>\n\t\t\t\t\t<\/div>\n\t\t<\/div>\n\t\t\t\t\t\t\t<\/div>\n\t\t<\/section>\n\t\t\t\t\t\t\t<\/div>\n\t\t","protected":false},"excerpt":{"rendered":"<p>Puentes Puentes, viaductos, pasos elevados y pasos subterr\u00e1neos son algunas de las infraestructuras de carreteras que estamos dedicados a intervenir con inspecciones peri\u00f3dicas oportunas, proyectos de mantenimiento y renovaci\u00f3n. Carreteras Ferrocarriles Puentes T\u00faneles Edificios Ingenier\u00eda Hidr\u00e1ulica Geotecnia BIM ATG \u2013 L626 Puente sobre el r\u00edo Froda, BIASCA \u2013 SUIZAEn lo que respecta al intercambio Giustizia [&hellip;]<\/p>\n","protected":false},"author":1,"featured_media":0,"parent":0,"menu_order":0,"comment_status":"closed","ping_status":"closed","template":"elementor_header_footer","meta":{"footnotes":""},"acf":[],"_links":{"self":[{"href":"https:\/\/www.ppeng.ch\/es\/wp-json\/wp\/v2\/pages\/4614"}],"collection":[{"href":"https:\/\/www.ppeng.ch\/es\/wp-json\/wp\/v2\/pages"}],"about":[{"href":"https:\/\/www.ppeng.ch\/es\/wp-json\/wp\/v2\/types\/page"}],"author":[{"embeddable":true,"href":"https:\/\/www.ppeng.ch\/es\/wp-json\/wp\/v2\/users\/1"}],"replies":[{"embeddable":true,"href":"https:\/\/www.ppeng.ch\/es\/wp-json\/wp\/v2\/comments?post=4614"}],"version-history":[{"count":3,"href":"https:\/\/www.ppeng.ch\/es\/wp-json\/wp\/v2\/pages\/4614\/revisions"}],"predecessor-version":[{"id":6901,"href":"https:\/\/www.ppeng.ch\/es\/wp-json\/wp\/v2\/pages\/4614\/revisions\/6901"}],"wp:attachment":[{"href":"https:\/\/www.ppeng.ch\/es\/wp-json\/wp\/v2\/media?parent=4614"}],"curies":[{"name":"wp","href":"https:\/\/api.w.org\/{rel}","templated":true}]}}