{"id":4616,"date":"2020-09-01T16:51:31","date_gmt":"2020-09-01T16:51:31","guid":{"rendered":"https:\/\/www.ppeng.ch\/referencias-carreteras\/"},"modified":"2020-11-14T09:20:02","modified_gmt":"2020-11-14T09:20:02","slug":"referencias-carreteras","status":"publish","type":"page","link":"https:\/\/www.ppeng.ch\/es\/referencias-carreteras\/","title":{"rendered":"Referencias-Carreteras"},"content":{"rendered":"\t\t<div data-elementor-type=\"wp-page\" data-elementor-id=\"4616\" class=\"elementor elementor-4616 elementor-3328\" data-elementor-post-type=\"page\">\n\t\t\t\t\t\t\t\t\t<section class=\"elementor-section elementor-top-section elementor-element elementor-element-341850e1 elementor-section-boxed elementor-section-height-default elementor-section-height-default\" data-id=\"341850e1\" data-element_type=\"section\">\n\t\t\t\t\t\t<div class=\"elementor-container elementor-column-gap-default\">\n\t\t\t\t\t<div class=\"elementor-column elementor-col-50 elementor-top-column elementor-element elementor-element-2b207eab elementor-invisible\" data-id=\"2b207eab\" data-element_type=\"column\" data-settings=\"{&quot;animation&quot;:&quot;fadeIn&quot;}\">\n\t\t\t<div class=\"elementor-widget-wrap elementor-element-populated\">\n\t\t\t\t\t\t\t\t<div class=\"elementor-element elementor-element-7a32c616 elementor-widget elementor-widget-heading\" data-id=\"7a32c616\" data-element_type=\"widget\" data-widget_type=\"heading.default\">\n\t\t\t\t<div class=\"elementor-widget-container\">\n\t\t\t<h1 class=\"elementor-heading-title elementor-size-default\">Carreteras<\/h1>\t\t<\/div>\n\t\t\t\t<\/div>\n\t\t\t\t\t<\/div>\n\t\t<\/div>\n\t\t\t\t<div class=\"elementor-column elementor-col-50 elementor-top-column elementor-element elementor-element-4088a3fa elementor-invisible\" data-id=\"4088a3fa\" data-element_type=\"column\" data-settings=\"{&quot;animation&quot;:&quot;fadeIn&quot;}\">\n\t\t\t<div class=\"elementor-widget-wrap elementor-element-populated\">\n\t\t\t\t\t\t\t\t<div class=\"elementor-element elementor-element-2bfe2d2c elementor-widget elementor-widget-text-editor\" data-id=\"2bfe2d2c\" data-element_type=\"widget\" data-widget_type=\"text-editor.default\">\n\t\t\t\t<div class=\"elementor-widget-container\">\n\t\t\t\t\t\t\t<p>Planificaci\u00f3n, estudios preliminares, renovaci\u00f3n y construcci\u00f3n de secciones de carreteras, cruces y nodos intermodales, carreteras cantonales y municipales, espacios p\u00fablicos, senderos para bicicletas \/ peatones y estructuras de protecci\u00f3n contra el ruido.<\/p>\n\t\t\t\t\t\t<\/div>\n\t\t\t\t<\/div>\n\t\t\t\t\t<\/div>\n\t\t<\/div>\n\t\t\t\t\t\t\t<\/div>\n\t\t<\/section>\n\t\t\t\t<section class=\"elementor-section elementor-top-section elementor-element elementor-element-77c92a8 elementor-section-boxed elementor-section-height-default elementor-section-height-default\" data-id=\"77c92a8\" data-element_type=\"section\">\n\t\t\t\t\t\t<div class=\"elementor-container elementor-column-gap-default\">\n\t\t\t\t\t<div class=\"elementor-column elementor-col-100 elementor-top-column elementor-element elementor-element-75f8c2a\" data-id=\"75f8c2a\" data-element_type=\"column\">\n\t\t\t<div class=\"elementor-widget-wrap elementor-element-populated\">\n\t\t\t\t\t\t\t\t<div class=\"elementor-element elementor-element-d13502f elementor-icon-list--layout-inline elementor-align-center elementor-mobile-align-center elementor-list-item-link-full_width elementor-widget elementor-widget-global elementor-global-6800 elementor-widget-icon-list\" data-id=\"d13502f\" data-element_type=\"widget\" data-widget_type=\"icon-list.default\">\n\t\t\t\t<div class=\"elementor-widget-container\">\n\t\t\t\t\t<ul class=\"elementor-icon-list-items elementor-inline-items\">\n\t\t\t\t\t\t\t<li class=\"elementor-icon-list-item elementor-inline-item\">\n\t\t\t\t\t\t\t\t\t\t\t<a href=\"https:\/\/www.ppeng.ch\/es\/referencias\/\">\n\n\t\t\t\t\t\t\t\t\t\t\t\t<span class=\"elementor-icon-list-icon\">\n\t\t\t\t\t\t\t<i aria-hidden=\"true\" class=\"fas fa-home\"><\/i>\t\t\t\t\t\t<\/span>\n\t\t\t\t\t\t\t\t\t\t<span class=\"elementor-icon-list-text\"><\/span>\n\t\t\t\t\t\t\t\t\t\t\t<\/a>\n\t\t\t\t\t\t\t\t\t<\/li>\n\t\t\t\t\t\t\t\t<li class=\"elementor-icon-list-item elementor-inline-item\">\n\t\t\t\t\t\t\t\t\t\t\t<a href=\"https:\/\/www.ppeng.ch\/es\/referencias-carreteras\/\">\n\n\t\t\t\t\t\t\t\t\t\t\t<span class=\"elementor-icon-list-text\">Carreteras<\/span>\n\t\t\t\t\t\t\t\t\t\t\t<\/a>\n\t\t\t\t\t\t\t\t\t<\/li>\n\t\t\t\t\t\t\t\t<li class=\"elementor-icon-list-item elementor-inline-item\">\n\t\t\t\t\t\t\t\t\t\t\t<a href=\"https:\/\/www.ppeng.ch\/es\/referencias-ferrocarriles\/\">\n\n\t\t\t\t\t\t\t\t\t\t\t<span class=\"elementor-icon-list-text\">Ferrocarriles<\/span>\n\t\t\t\t\t\t\t\t\t\t\t<\/a>\n\t\t\t\t\t\t\t\t\t<\/li>\n\t\t\t\t\t\t\t\t<li class=\"elementor-icon-list-item elementor-inline-item\">\n\t\t\t\t\t\t\t\t\t\t\t<a href=\"https:\/\/www.ppeng.ch\/es\/referencias-puentes\/\">\n\n\t\t\t\t\t\t\t\t\t\t\t<span class=\"elementor-icon-list-text\">Puentes<\/span>\n\t\t\t\t\t\t\t\t\t\t\t<\/a>\n\t\t\t\t\t\t\t\t\t<\/li>\n\t\t\t\t\t\t\t\t<li class=\"elementor-icon-list-item elementor-inline-item\">\n\t\t\t\t\t\t\t\t\t\t\t<a href=\"https:\/\/www.ppeng.ch\/es\/referencias-tuneles\/\">\n\n\t\t\t\t\t\t\t\t\t\t\t<span class=\"elementor-icon-list-text\">T\u00faneles<\/span>\n\t\t\t\t\t\t\t\t\t\t\t<\/a>\n\t\t\t\t\t\t\t\t\t<\/li>\n\t\t\t\t\t\t\t\t<li class=\"elementor-icon-list-item elementor-inline-item\">\n\t\t\t\t\t\t\t\t\t\t\t<a href=\"https:\/\/www.ppeng.ch\/es\/referencias-edificios\/\">\n\n\t\t\t\t\t\t\t\t\t\t\t<span class=\"elementor-icon-list-text\">Edificios<\/span>\n\t\t\t\t\t\t\t\t\t\t\t<\/a>\n\t\t\t\t\t\t\t\t\t<\/li>\n\t\t\t\t\t\t\t\t<li class=\"elementor-icon-list-item elementor-inline-item\">\n\t\t\t\t\t\t\t\t\t\t\t<a href=\"https:\/\/www.ppeng.ch\/es\/referencias-ingenieria-hidraulica\/\">\n\n\t\t\t\t\t\t\t\t\t\t\t<span class=\"elementor-icon-list-text\">Ingenier\u00eda Hidr\u00e1ulica<\/span>\n\t\t\t\t\t\t\t\t\t\t\t<\/a>\n\t\t\t\t\t\t\t\t\t<\/li>\n\t\t\t\t\t\t\t\t<li class=\"elementor-icon-list-item elementor-inline-item\">\n\t\t\t\t\t\t\t\t\t\t\t<a href=\"https:\/\/www.ppeng.ch\/es\/referencias-geotecnia\/\">\n\n\t\t\t\t\t\t\t\t\t\t\t<span class=\"elementor-icon-list-text\">Geotecnia<\/span>\n\t\t\t\t\t\t\t\t\t\t\t<\/a>\n\t\t\t\t\t\t\t\t\t<\/li>\n\t\t\t\t\t\t\t\t<li class=\"elementor-icon-list-item elementor-inline-item\">\n\t\t\t\t\t\t\t\t\t\t\t<a href=\"https:\/\/www.ppeng.ch\/es\/referencias-bim\/\">\n\n\t\t\t\t\t\t\t\t\t\t\t<span class=\"elementor-icon-list-text\">BIM<\/span>\n\t\t\t\t\t\t\t\t\t\t\t<\/a>\n\t\t\t\t\t\t\t\t\t<\/li>\n\t\t\t\t\t\t<\/ul>\n\t\t\t\t<\/div>\n\t\t\t\t<\/div>\n\t\t\t\t\t<\/div>\n\t\t<\/div>\n\t\t\t\t\t\t\t<\/div>\n\t\t<\/section>\n\t\t\t\t<section class=\"elementor-section elementor-top-section elementor-element elementor-element-381e5ee9 elementor-section-boxed elementor-section-height-default elementor-section-height-default\" data-id=\"381e5ee9\" data-element_type=\"section\">\n\t\t\t\t\t\t<div class=\"elementor-container elementor-column-gap-default\">\n\t\t\t\t\t<div class=\"elementor-column elementor-col-100 elementor-top-column elementor-element elementor-element-37f22adf\" data-id=\"37f22adf\" data-element_type=\"column\">\n\t\t\t<div class=\"elementor-widget-wrap elementor-element-populated\">\n\t\t\t\t\t\t\t\t<div class=\"elementor-element elementor-element-6089d2b2 elementor-widget elementor-widget-jet-blog-smart-listing\" data-id=\"6089d2b2\" data-element_type=\"widget\" data-widget_type=\"jet-blog-smart-listing.default\">\n\t\t\t\t<div class=\"elementor-widget-container\">\n\t\t\t<div class=\"elementor-jet-blog-smart-listing jet-blog\"><div class=\"jet-smart-listing-wrap\" data-settings='{&quot;block_title&quot;:&quot;&quot;,&quot;title_tag&quot;:&quot;h2&quot;,&quot;featured_post&quot;:&quot;&quot;,&quot;featured_position&quot;:null,&quot;featured_width&quot;:null,&quot;featured_layout&quot;:null,&quot;featured_image_size&quot;:null,&quot;featured_image_position&quot;:null,&quot;featured_image_width&quot;:null,&quot;featured_excerpt_length&quot;:null,&quot;featured_excerpt_trimmed_ending&quot;:null,&quot;featured_read_more&quot;:null,&quot;featured_read_more_text&quot;:null,&quot;featured_show_meta&quot;:null,&quot;featured_show_author&quot;:null,&quot;featured_show_author_icon&quot;:null,&quot;selected_featured_show_author_icon&quot;:null,&quot;featured_show_date&quot;:null,&quot;featured_show_date_icon&quot;:null,&quot;selected_featured_show_date_icon&quot;:null,&quot;featured_show_comments&quot;:null,&quot;featured_show_comments_icon&quot;:null,&quot;selected_featured_show_comments_icon&quot;:null,&quot;posts_columns_widescreen&quot;:null,&quot;posts_columns&quot;:&quot;1&quot;,&quot;posts_columns_laptop&quot;:null,&quot;posts_columns_tablet_extra&quot;:null,&quot;posts_columns_tablet&quot;:null,&quot;posts_columns_mobile_extra&quot;:null,&quot;posts_columns_mobile&quot;:&quot;1&quot;,&quot;posts_rows_widescreen&quot;:null,&quot;posts_rows&quot;:&quot;6&quot;,&quot;posts_rows_laptop&quot;:null,&quot;posts_rows_tablet_extra&quot;:null,&quot;posts_rows_tablet&quot;:null,&quot;posts_rows_mobile_extra&quot;:null,&quot;posts_rows_mobile&quot;:null,&quot;image_size&quot;:&quot;full&quot;,&quot;image_position&quot;:&quot;left&quot;,&quot;image_width&quot;:{&quot;unit&quot;:&quot;%&quot;,&quot;size&quot;:26,&quot;sizes&quot;:[]},&quot;excerpt_length&quot;:25,&quot;excerpt_trimmed_ending&quot;:&quot;...&quot;,&quot;read_more&quot;:&quot;yes&quot;,&quot;read_more_text&quot;:&quot;Descubrir&quot;,&quot;show_meta&quot;:&quot;yes&quot;,&quot;show_author&quot;:&quot;&quot;,&quot;show_author_icon&quot;:null,&quot;selected_show_author_icon&quot;:null,&quot;show_date&quot;:&quot;&quot;,&quot;show_date_icon&quot;:&quot;&quot;,&quot;selected_show_date_icon&quot;:null,&quot;show_comments&quot;:&quot;&quot;,&quot;show_comments_icon&quot;:null,&quot;selected_show_comments_icon&quot;:null,&quot;query_by&quot;:&quot;category&quot;,&quot;category_ids&quot;:[&quot;10&quot;],&quot;post_tag_ids&quot;:null,&quot;include_ids&quot;:null,&quot;exclude_ids&quot;:&quot;&quot;,&quot;custom_query_by&quot;:null,&quot;custom_terms_ids&quot;:null,&quot;meta_query&quot;:&quot;&quot;,&quot;meta_key&quot;:null,&quot;meta_value&quot;:null,&quot;show_filter&quot;:&quot;&quot;,&quot;filter_by&quot;:null,&quot;show_all_btn&quot;:null,&quot;all_btn_label&quot;:null,&quot;more_terms_icon&quot;:null,&quot;selected_more_terms_icon&quot;:null,&quot;show_arrows&quot;:&quot;yes&quot;,&quot;arrow_type&quot;:&quot;fa fa-chevron-left&quot;,&quot;show_featured_terms&quot;:null,&quot;show_featured_terms_tax&quot;:null,&quot;show_terms&quot;:&quot;&quot;,&quot;show_terms_tax&quot;:null,&quot;featured_meta_position&quot;:null,&quot;meta_position&quot;:&quot;before&quot;,&quot;show_image&quot;:&quot;yes&quot;,&quot;post_type&quot;:&quot;post&quot;,&quot;post_ids&quot;:null,&quot;content_related_meta&quot;:null,&quot;show_content_related_meta&quot;:&quot;&quot;,&quot;meta_content_related_position&quot;:null,&quot;title_related_meta&quot;:null,&quot;show_title_related_meta&quot;:&quot;&quot;,&quot;meta_title_related_position&quot;:null,&quot;featured_title_length&quot;:null,&quot;title_length&quot;:0,&quot;add_button_icon&quot;:&quot;&quot;,&quot;button_icon&quot;:null,&quot;selected_button_icon&quot;:null,&quot;post_add_button_icon&quot;:&quot;&quot;,&quot;post_button_icon&quot;:null,&quot;selected_post_button_icon&quot;:null,&quot;use_custom_query&quot;:&quot;&quot;,&quot;custom_query&quot;:null,&quot;posts_offset&quot;:0,&quot;order&quot;:&quot;DESC&quot;,&quot;order_by&quot;:&quot;date&quot;,&quot;is_archive_template&quot;:&quot;&quot;}' data-page=\"1\" data-term=\"0\" data-scroll-top=1>\n\t<div class=\"jet-smart-listing__heading\"><span class=\"jet-smart-listing__title-placeholder\"><\/span><\/div>\n\t<div class=\"jet-smart-listing rows-6 no-featured\"><div class=\"jet-smart-listing__posts\">\n\t\t\t\t<div class=\"jet-smart-listing__post-wrapper\">\n\t\t\t\t<div class=\"jet-smart-listing__post has-post-thumb has-thumb-postion-left\">\n\t\t\t\t\t\t\t\t\t\t<div class=\"jet-smart-listing__post-thumbnail post-thumbnail-simple\"><a href=\"https:\/\/www.ppeng.ch\/es\/rehabilitacion-del-distrito-de-soldini-chiasso-suiza\/\"><img loading=\"lazy\" width=\"1328\" height=\"806\" src=\"https:\/\/www.ppeng.ch\/wp-content\/uploads\/2020\/10\/Strade-e-spazi-pubblici.jpg\" class=\"jet-smart-listing__post-thumbnail-img post-thumbnail-img-simple wp-post-image\" alt=\"Rehabilitaci\u00f3n del distrito de Soldini, CHIASSO \u2013 SUIZA\" decoding=\"async\" srcset=\"https:\/\/www.ppeng.ch\/wp-content\/uploads\/2020\/10\/Strade-e-spazi-pubblici.jpg 1328w, https:\/\/www.ppeng.ch\/wp-content\/uploads\/2020\/10\/Strade-e-spazi-pubblici-300x182.jpg 300w, https:\/\/www.ppeng.ch\/wp-content\/uploads\/2020\/10\/Strade-e-spazi-pubblici-1024x621.jpg 1024w, https:\/\/www.ppeng.ch\/wp-content\/uploads\/2020\/10\/Strade-e-spazi-pubblici-768x466.jpg 768w\" sizes=\"(max-width: 1328px) 100vw, 1328px\" \/><\/a><\/div>\t\t\t\t\t<div class=\"jet-smart-listing__post-content\"><div class=\"jet-smart-listing__meta\"><\/div><div class=\"jet-smart-listing__post-title post-title-simple\"><a href=\"https:\/\/www.ppeng.ch\/es\/rehabilitacion-del-distrito-de-soldini-chiasso-suiza\/\">Rehabilitaci\u00f3n del distrito de Soldini, CHIASSO \u2013 SUIZA<\/a><\/div><div class=\"jet-smart-listing__post-excerpt post-excerpt-simple\">El proyecto se refiere a la remodelaci\u00f3n de los espacios p\u00fablicos del distrito Soldini de Chiasso donde viven 2300 personas y hay varias actividades de...<\/div><div class=\"jet-smart-listing__more-wrap\"><a href=\"https:\/\/www.ppeng.ch\/es\/rehabilitacion-del-distrito-de-soldini-chiasso-suiza\/\" class=\"jet-smart-listing__more simple-more elementor-button elementor-size-md\"><span class=\"jet-smart-listing__more-text\">Descubrir<\/span><\/a><\/div><\/div>\n\t\t\t\t<\/div>\n\t\t\t<\/div>\n\t\t\t\t\t\t<div class=\"jet-smart-listing__post-wrapper\">\n\t\t\t\t<div class=\"jet-smart-listing__post has-post-thumb has-thumb-postion-left\">\n\t\t\t\t\t\t\t\t\t\t<div class=\"jet-smart-listing__post-thumbnail post-thumbnail-simple\"><a href=\"https:\/\/www.ppeng.ch\/es\/ep-18-carretera-italiana-roveredo-suiza\/\"><img loading=\"lazy\" width=\"1328\" height=\"806\" src=\"https:\/\/www.ppeng.ch\/wp-content\/uploads\/2020\/10\/EP-18-Strada.jpg\" class=\"jet-smart-listing__post-thumbnail-img post-thumbnail-img-simple wp-post-image\" alt=\"EP 18 Carretera Italiana, ROVEREDO \u2013 SUIZA\" decoding=\"async\" srcset=\"https:\/\/www.ppeng.ch\/wp-content\/uploads\/2020\/10\/EP-18-Strada.jpg 1328w, https:\/\/www.ppeng.ch\/wp-content\/uploads\/2020\/10\/EP-18-Strada-300x182.jpg 300w, https:\/\/www.ppeng.ch\/wp-content\/uploads\/2020\/10\/EP-18-Strada-1024x621.jpg 1024w, https:\/\/www.ppeng.ch\/wp-content\/uploads\/2020\/10\/EP-18-Strada-768x466.jpg 768w\" sizes=\"(max-width: 1328px) 100vw, 1328px\" \/><\/a><\/div>\t\t\t\t\t<div class=\"jet-smart-listing__post-content\"><div class=\"jet-smart-listing__meta\"><\/div><div class=\"jet-smart-listing__post-title post-title-simple\"><a href=\"https:\/\/www.ppeng.ch\/es\/ep-18-carretera-italiana-roveredo-suiza\/\">EP 18 Carretera Italiana, ROVEREDO \u2013 SUIZA<\/a><\/div><div class=\"jet-smart-listing__post-excerpt post-excerpt-simple\">Como parte del proyecto relativo a la construcci\u00f3n de la circunvalaci\u00f3n de Roveredo, adem\u00e1s del nuevo eje principal de la autov\u00eda N13, se traslad\u00f3 a...<\/div><div class=\"jet-smart-listing__more-wrap\"><a href=\"https:\/\/www.ppeng.ch\/es\/ep-18-carretera-italiana-roveredo-suiza\/\" class=\"jet-smart-listing__more simple-more elementor-button elementor-size-md\"><span class=\"jet-smart-listing__more-text\">Descubrir<\/span><\/a><\/div><\/div>\n\t\t\t\t<\/div>\n\t\t\t<\/div>\n\t\t\t\t\t\t<div class=\"jet-smart-listing__post-wrapper\">\n\t\t\t\t<div class=\"jet-smart-listing__post has-post-thumb has-thumb-postion-left\">\n\t\t\t\t\t\t\t\t\t\t<div class=\"jet-smart-listing__post-thumbnail post-thumbnail-simple\"><a href=\"https:\/\/www.ppeng.ch\/es\/n2-ep12-bellinzona-suiza\/\"><img loading=\"lazy\" width=\"1328\" height=\"806\" src=\"https:\/\/www.ppeng.ch\/wp-content\/uploads\/2020\/10\/N2-EP12.jpg\" class=\"jet-smart-listing__post-thumbnail-img post-thumbnail-img-simple wp-post-image\" alt=\"N2 EP12 Bellinzona \u2013 SUIZA\" decoding=\"async\" srcset=\"https:\/\/www.ppeng.ch\/wp-content\/uploads\/2020\/10\/N2-EP12.jpg 1328w, https:\/\/www.ppeng.ch\/wp-content\/uploads\/2020\/10\/N2-EP12-300x182.jpg 300w, https:\/\/www.ppeng.ch\/wp-content\/uploads\/2020\/10\/N2-EP12-1024x621.jpg 1024w, https:\/\/www.ppeng.ch\/wp-content\/uploads\/2020\/10\/N2-EP12-768x466.jpg 768w\" sizes=\"(max-width: 1328px) 100vw, 1328px\" \/><\/a><\/div>\t\t\t\t\t<div class=\"jet-smart-listing__post-content\"><div class=\"jet-smart-listing__meta\"><\/div><div class=\"jet-smart-listing__post-title post-title-simple\"><a href=\"https:\/\/www.ppeng.ch\/es\/n2-ep12-bellinzona-suiza\/\">N2 EP12 Bellinzona \u2013 SUIZA<\/a><\/div><div class=\"jet-smart-listing__post-excerpt post-excerpt-simple\">El proyecto se refiere al trazado de la autopista N2 entre km 48\u2019500 y km 56\u2019000, incluido el cruce Bellinzona Nord (N02-N13), con rehabilitaci\u00f3n de...<\/div><div class=\"jet-smart-listing__more-wrap\"><a href=\"https:\/\/www.ppeng.ch\/es\/n2-ep12-bellinzona-suiza\/\" class=\"jet-smart-listing__more simple-more elementor-button elementor-size-md\"><span class=\"jet-smart-listing__more-text\">Descubrir<\/span><\/a><\/div><\/div>\n\t\t\t\t<\/div>\n\t\t\t<\/div>\n\t\t\t\t\t\t<div class=\"jet-smart-listing__post-wrapper\">\n\t\t\t\t<div class=\"jet-smart-listing__post has-post-thumb has-thumb-postion-left\">\n\t\t\t\t\t\t\t\t\t\t<div class=\"jet-smart-listing__post-thumbnail post-thumbnail-simple\"><a href=\"https:\/\/www.ppeng.ch\/es\/n2-ep09-biaschina-suiza\/\"><img loading=\"lazy\" width=\"1328\" height=\"806\" src=\"https:\/\/www.ppeng.ch\/wp-content\/uploads\/2020\/09\/biaschina-1.jpg\" class=\"jet-smart-listing__post-thumbnail-img post-thumbnail-img-simple wp-post-image\" alt=\"N2 EP09 Biaschina &#8211; SUIZA\" decoding=\"async\" srcset=\"https:\/\/www.ppeng.ch\/wp-content\/uploads\/2020\/09\/biaschina-1.jpg 1328w, https:\/\/www.ppeng.ch\/wp-content\/uploads\/2020\/09\/biaschina-1-300x182.jpg 300w, https:\/\/www.ppeng.ch\/wp-content\/uploads\/2020\/09\/biaschina-1-1024x621.jpg 1024w, https:\/\/www.ppeng.ch\/wp-content\/uploads\/2020\/09\/biaschina-1-768x466.jpg 768w\" sizes=\"(max-width: 1328px) 100vw, 1328px\" \/><\/a><\/div>\t\t\t\t\t<div class=\"jet-smart-listing__post-content\"><div class=\"jet-smart-listing__meta\"><\/div><div class=\"jet-smart-listing__post-title post-title-simple\"><a href=\"https:\/\/www.ppeng.ch\/es\/n2-ep09-biaschina-suiza\/\">N2 EP09 Biaschina &#8211; SUIZA<\/a><\/div><div class=\"jet-smart-listing__post-excerpt post-excerpt-simple\">El proyecto se refiere al tramo de carretera N2 Giornico-Faido entre el km 79\u2019700 y el km 91\u2019350 con planes de renovaci\u00f3n para mejorar: superestructura...<\/div><div class=\"jet-smart-listing__more-wrap\"><a href=\"https:\/\/www.ppeng.ch\/es\/n2-ep09-biaschina-suiza\/\" class=\"jet-smart-listing__more simple-more elementor-button elementor-size-md\"><span class=\"jet-smart-listing__more-text\">Descubrir<\/span><\/a><\/div><\/div>\n\t\t\t\t<\/div>\n\t\t\t<\/div>\n\t\t\t\t\t\t<div class=\"jet-smart-listing__post-wrapper\">\n\t\t\t\t<div class=\"jet-smart-listing__post has-post-thumb has-thumb-postion-left\">\n\t\t\t\t\t\t\t\t\t\t<div class=\"jet-smart-listing__post-thumbnail post-thumbnail-simple\"><a href=\"https:\/\/www.ppeng.ch\/es\/atg-lote-640-1-carretera-cantonal-en-pollegio-suiza\/\"><img loading=\"lazy\" width=\"663\" height=\"309\" src=\"https:\/\/www.ppeng.ch\/wp-content\/uploads\/2020\/09\/L640.1-Strada-cantonale.png\" class=\"jet-smart-listing__post-thumbnail-img post-thumbnail-img-simple wp-post-image\" alt=\"ATG \u2013 LOTE 640.1 Carretera cantonal en POLLEGIO \u2013 SUIZA\" decoding=\"async\" srcset=\"https:\/\/www.ppeng.ch\/wp-content\/uploads\/2020\/09\/L640.1-Strada-cantonale.png 663w, https:\/\/www.ppeng.ch\/wp-content\/uploads\/2020\/09\/L640.1-Strada-cantonale-300x140.png 300w\" sizes=\"(max-width: 663px) 100vw, 663px\" \/><\/a><\/div>\t\t\t\t\t<div class=\"jet-smart-listing__post-content\"><div class=\"jet-smart-listing__meta\"><\/div><div class=\"jet-smart-listing__post-title post-title-simple\"><a href=\"https:\/\/www.ppeng.ch\/es\/atg-lote-640-1-carretera-cantonal-en-pollegio-suiza\/\">ATG \u2013 LOTE 640.1 Carretera cantonal en POLLEGIO \u2013 SUIZA<\/a><\/div><div class=\"jet-smart-listing__post-excerpt post-excerpt-simple\">El lote 640.1 es un elemento del proyecto de la nueva l\u00ednea ferroviaria de alta velocidad AlpTransit en Biasca. El proyecto contempla la construcci\u00f3n de...<\/div><div class=\"jet-smart-listing__more-wrap\"><a href=\"https:\/\/www.ppeng.ch\/es\/atg-lote-640-1-carretera-cantonal-en-pollegio-suiza\/\" class=\"jet-smart-listing__more simple-more elementor-button elementor-size-md\"><span class=\"jet-smart-listing__more-text\">Descubrir<\/span><\/a><\/div><\/div>\n\t\t\t\t<\/div>\n\t\t\t<\/div>\n\t\t\t<\/div>\n<\/div>\n\t<div class=\"jet-smart-listing__arrows\"><div class=\"jet-smart-listing__arrow jet-arrow-prev jet-arrow-disabled\" data-dir=\"prev\"><svg width=\"24\" height=\"24\" viewBox=\"0 0 24 24\" fill=\"none\" xmlns=\"http:\/\/www.w3.org\/2000\/svg\"><path d=\"M16.4 1.4499L18.4 3.4749L9.82502 12.0499L18.4 20.6249L16.4 22.6499L5.80002 12.0499L16.4 1.4499Z\" fill=\"#0F172A\"\/><\/svg><\/div><div class=\"jet-smart-listing__arrow jet-arrow-next jet-arrow-disabled\" data-dir=\"next\"><svg width=\"24\" height=\"24\" viewBox=\"0 0 24 24\" fill=\"none\" xmlns=\"http:\/\/www.w3.org\/2000\/svg\"><path d=\"M7.59998 22.5501L5.59998 20.5251L14.175 11.9501L5.59998 3.3751L7.59998 1.3501L18.2 11.9501L7.59998 22.5501Z\" fill=\"#0F172A\"\/><\/svg><\/div><\/div><\/div>\n<div class=\"jet-smart-listing-loading\"><\/div><\/div>\t\t<\/div>\n\t\t\t\t<\/div>\n\t\t\t\t\t<\/div>\n\t\t<\/div>\n\t\t\t\t\t\t\t<\/div>\n\t\t<\/section>\n\t\t\t\t\t\t\t<\/div>\n\t\t","protected":false},"excerpt":{"rendered":"<p>Carreteras Planificaci\u00f3n, estudios preliminares, renovaci\u00f3n y construcci\u00f3n de secciones de carreteras, cruces y nodos intermodales, carreteras cantonales y municipales, espacios p\u00fablicos, senderos para bicicletas \/ peatones y estructuras de protecci\u00f3n contra el ruido. Carreteras Ferrocarriles Puentes T\u00faneles Edificios Ingenier\u00eda Hidr\u00e1ulica Geotecnia BIM Rehabilitaci\u00f3n del distrito de Soldini, CHIASSO \u2013 SUIZAEl proyecto se refiere a la [&hellip;]<\/p>\n","protected":false},"author":1,"featured_media":0,"parent":0,"menu_order":0,"comment_status":"closed","ping_status":"closed","template":"elementor_header_footer","meta":{"footnotes":""},"acf":[],"_links":{"self":[{"href":"https:\/\/www.ppeng.ch\/es\/wp-json\/wp\/v2\/pages\/4616"}],"collection":[{"href":"https:\/\/www.ppeng.ch\/es\/wp-json\/wp\/v2\/pages"}],"about":[{"href":"https:\/\/www.ppeng.ch\/es\/wp-json\/wp\/v2\/types\/page"}],"author":[{"embeddable":true,"href":"https:\/\/www.ppeng.ch\/es\/wp-json\/wp\/v2\/users\/1"}],"replies":[{"embeddable":true,"href":"https:\/\/www.ppeng.ch\/es\/wp-json\/wp\/v2\/comments?post=4616"}],"version-history":[{"count":3,"href":"https:\/\/www.ppeng.ch\/es\/wp-json\/wp\/v2\/pages\/4616\/revisions"}],"predecessor-version":[{"id":6892,"href":"https:\/\/www.ppeng.ch\/es\/wp-json\/wp\/v2\/pages\/4616\/revisions\/6892"}],"wp:attachment":[{"href":"https:\/\/www.ppeng.ch\/es\/wp-json\/wp\/v2\/media?parent=4616"}],"curies":[{"name":"wp","href":"https:\/\/api.w.org\/{rel}","templated":true}]}}